{"id":547,"date":"2021-07-30T15:06:02","date_gmt":"2021-07-30T15:06:02","guid":{"rendered":"http:\/\/localhost\/wordpress\/?page_id=547"},"modified":"2022-08-07T14:17:06","modified_gmt":"2022-08-07T13:17:06","slug":"fps-tuleje-perforowane-tworzywowe","status":"publish","type":"page","link":"https:\/\/www.tfix.pl\/en\/fps-tuleje-perforowane-tworzywowe\/","title":{"rendered":"FPS \u2013 Perforated Sleeve"},"content":{"rendered":"<div data-elementor-type=\"wp-page\" data-elementor-id=\"547\" class=\"elementor elementor-547\">\n\t\t\t\t\t\t<section class=\"elementor-section elementor-top-section elementor-element elementor-element-cb71b6c elementor-section-boxed elementor-section-height-default elementor-section-height-default\" data-id=\"cb71b6c\" data-element_type=\"section\">\n\t\t\t\t\t\t<div class=\"elementor-container elementor-column-gap-default\">\n\t\t\t\t\t<div class=\"elementor-column elementor-col-50 elementor-top-column elementor-element elementor-element-c8482c3\" data-id=\"c8482c3\" data-element_type=\"column\">\n\t\t\t<div class=\"elementor-widget-wrap elementor-element-populated\">\n\t\t\t\t\t\t<div class=\"elementor-element elementor-element-a532b5e elementor-widget elementor-widget-image\" data-id=\"a532b5e\" data-element_type=\"widget\" data-widget_type=\"image.default\">\n\t\t\t\t<div class=\"elementor-widget-container\">\n\t\t\t\t\t\t\t\t\t\t\t\t\t\t\t<img decoding=\"async\" width=\"110\" height=\"217\" src=\"https:\/\/www.tfix.pl\/wp-content\/uploads\/2021\/07\/FPS.png\" class=\"attachment-large size-large wp-image-627\" alt=\"\" \/>\t\t\t\t\t\t\t\t\t\t\t\t\t\t\t<\/div>\n\t\t\t\t<\/div>\n\t\t\t\t\t<\/div>\n\t\t<\/div>\n\t\t\t\t<div class=\"elementor-column elementor-col-50 elementor-top-column elementor-element elementor-element-2d6aa85\" data-id=\"2d6aa85\" data-element_type=\"column\">\n\t\t\t<div class=\"elementor-widget-wrap elementor-element-populated\">\n\t\t\t\t\t\t<div class=\"elementor-element elementor-element-10ab1cf elementor-widget elementor-widget-text-editor\" data-id=\"10ab1cf\" data-element_type=\"widget\" data-widget_type=\"text-editor.default\">\n\t\t\t\t<div class=\"elementor-widget-container\">\n\t\t\t\t\t\t\t\t\tPerforated sleeves are used for anchoring in hollow materials such as Porotherm, chequered brick or \nhollow brick. Insert a perforated sleeve into the drilled hole and fill it entirely with resin. Then slowly\ninsert the anchor rod and leave it until fully cured.\t\t\t\t\t\t\t\t<\/div>\n\t\t\t\t<\/div>\n\t\t\t\t<div class=\"elementor-element elementor-element-40ebb34 elementor-widget elementor-widget-image\" data-id=\"40ebb34\" data-element_type=\"widget\" data-widget_type=\"image.default\">\n\t\t\t\t<div class=\"elementor-widget-container\">\n\t\t\t\t\t\t\t\t\t\t\t\t\t\t\t<img fetchpriority=\"high\" decoding=\"async\" width=\"750\" height=\"128\" src=\"https:\/\/www.tfix.pl\/wp-content\/uploads\/2022\/05\/FPSEN.png\" class=\"attachment-large size-large wp-image-628\" alt=\"\" \/>\t\t\t\t\t\t\t\t\t\t\t\t\t\t\t<\/div>\n\t\t\t\t<\/div>\n\t\t\t\t\t<\/div>\n\t\t<\/div>\n\t\t\t\t\t<\/div>\n\t\t<\/section>\n\t\t\t\t<\/div>","protected":false},"excerpt":{"rendered":"<p>Tuleje perforowane s\u0105 stosowane podczas kotwienia w materia\u0142ach z pustk\u0105 takich jak Porotherm, ceg\u0142a krat\u00f3wka czy pustaki. Do wywierconego otworu wk\u0142adamy tulej\u0119 perforowan\u0105 i wype\u0142niamy w ca\u0142o\u015bci \u017cywic\u0105. Nast\u0119pnie powoli wk\u0142adamy pr\u0119t kotwy i pozostawiamy do pe\u0142nego utwardzenia.<\/p>","protected":false},"author":1,"featured_media":0,"parent":0,"menu_order":0,"comment_status":"closed","ping_status":"closed","template":"page-templates\/template-fullwidth.php","meta":{"footnotes":""},"folder":[11],"class_list":["post-547","page","type-page","status-publish","hentry"],"_links":{"self":[{"href":"https:\/\/www.tfix.pl\/en\/wp-json\/wp\/v2\/pages\/547","targetHints":{"allow":["GET"]}}],"collection":[{"href":"https:\/\/www.tfix.pl\/en\/wp-json\/wp\/v2\/pages"}],"about":[{"href":"https:\/\/www.tfix.pl\/en\/wp-json\/wp\/v2\/types\/page"}],"author":[{"embeddable":true,"href":"https:\/\/www.tfix.pl\/en\/wp-json\/wp\/v2\/users\/1"}],"replies":[{"embeddable":true,"href":"https:\/\/www.tfix.pl\/en\/wp-json\/wp\/v2\/comments?post=547"}],"version-history":[{"count":5,"href":"https:\/\/www.tfix.pl\/en\/wp-json\/wp\/v2\/pages\/547\/revisions"}],"predecessor-version":[{"id":2403,"href":"https:\/\/www.tfix.pl\/en\/wp-json\/wp\/v2\/pages\/547\/revisions\/2403"}],"wp:attachment":[{"href":"https:\/\/www.tfix.pl\/en\/wp-json\/wp\/v2\/media?parent=547"}],"wp:term":[{"taxonomy":"folder","embeddable":true,"href":"https:\/\/www.tfix.pl\/en\/wp-json\/wp\/v2\/folder?post=547"}],"curies":[{"name":"wp","href":"https:\/\/api.w.org\/{rel}","templated":true}]}}