{"id":243,"date":"2021-07-14T16:27:40","date_gmt":"2021-07-14T16:27:40","guid":{"rendered":"http:\/\/localhost\/wordpress\/?page_id=243"},"modified":"2022-08-07T14:28:15","modified_gmt":"2022-08-07T13:28:15","slug":"kotwy-chemiczne","status":"publish","type":"page","link":"https:\/\/www.tfix.pl\/pl\/kotwy-chemiczne\/","title":{"rendered":"Kotwy chemiczne"},"content":{"rendered":"\t\t<div data-elementor-type=\"wp-page\" data-elementor-id=\"243\" class=\"elementor elementor-243\">\n\t\t\t\t\t\t<section class=\"elementor-section elementor-top-section elementor-element elementor-element-cfa8b3c elementor-section-boxed elementor-section-height-default elementor-section-height-default\" data-id=\"cfa8b3c\" data-element_type=\"section\">\n\t\t\t\t\t\t<div class=\"elementor-container elementor-column-gap-default\">\n\t\t\t\t\t<div class=\"elementor-column elementor-col-25 elementor-top-column elementor-element elementor-element-b0c1c90\" data-id=\"b0c1c90\" data-element_type=\"column\">\n\t\t\t<div class=\"elementor-widget-wrap elementor-element-populated\">\n\t\t\t\t\t\t<div class=\"elementor-element elementor-element-fa37190 elementor-position-top elementor-widget elementor-widget-image-box\" data-id=\"fa37190\" data-element_type=\"widget\" data-widget_type=\"image-box.default\">\n\t\t\t\t<div class=\"elementor-widget-container\">\n\t\t\t\t\t<div class=\"elementor-image-box-wrapper\"><figure class=\"elementor-image-box-img\"><a href=\"https:\/\/www.tfix.pl\/fcr-410v-pro\/\" tabindex=\"-1\"><img decoding=\"async\" width=\"133\" height=\"150\" src=\"https:\/\/www.tfix.pl\/wp-content\/uploads\/2021\/07\/FCR410VPRO.png\" class=\"attachment-thumbnail size-thumbnail wp-image-557\" alt=\"\" \/><\/a><\/figure><div class=\"elementor-image-box-content\"><h3 class=\"elementor-image-box-title\"><a href=\"https:\/\/www.tfix.pl\/fcr-410v-pro\/\">FCR 410V PRO \u2013 PROFESJONALNA \u017bYWICA, do najwy\u017cszych obci\u0105\u017ce\u0144<\/a><\/h3><\/div><\/div>\t\t\t\t<\/div>\n\t\t\t\t<\/div>\n\t\t\t\t\t<\/div>\n\t\t<\/div>\n\t\t\t\t<div class=\"elementor-column elementor-col-25 elementor-top-column elementor-element elementor-element-2861f4c\" data-id=\"2861f4c\" data-element_type=\"column\">\n\t\t\t<div class=\"elementor-widget-wrap elementor-element-populated\">\n\t\t\t\t\t\t<div class=\"elementor-element elementor-element-dde7dc1 elementor-position-top elementor-widget elementor-widget-image-box\" data-id=\"dde7dc1\" data-element_type=\"widget\" data-widget_type=\"image-box.default\">\n\t\t\t\t<div class=\"elementor-widget-container\">\n\t\t\t\t\t<div class=\"elementor-image-box-wrapper\"><figure class=\"elementor-image-box-img\"><a href=\"https:\/\/www.tfix.pl\/fcr-585re-zywica-epoksydowa-31-do-najwyzszych-obciazen\/\" tabindex=\"-1\"><img decoding=\"async\" width=\"135\" height=\"150\" src=\"https:\/\/www.tfix.pl\/wp-content\/uploads\/2021\/07\/FCR585RE.png\" class=\"attachment-thumbnail size-thumbnail wp-image-563\" alt=\"\" \/><\/a><\/figure><div class=\"elementor-image-box-content\"><h3 class=\"elementor-image-box-title\"><a href=\"https:\/\/www.tfix.pl\/fcr-585re-zywica-epoksydowa-31-do-najwyzszych-obciazen\/\">FCR 585RE \u2013 \u017bYWICA EPOKSYDOWA 3:1 do najwy\u017cszych obci\u0105\u017ce\u0144<\/a><\/h3><\/div><\/div>\t\t\t\t<\/div>\n\t\t\t\t<\/div>\n\t\t\t\t\t<\/div>\n\t\t<\/div>\n\t\t\t\t<div class=\"elementor-column elementor-col-25 elementor-top-column elementor-element elementor-element-5fcdfb5\" data-id=\"5fcdfb5\" data-element_type=\"column\">\n\t\t\t<div class=\"elementor-widget-wrap elementor-element-populated\">\n\t\t\t\t\t\t<div class=\"elementor-element elementor-element-f0de7ae elementor-position-top elementor-widget elementor-widget-image-box\" data-id=\"f0de7ae\" data-element_type=\"widget\" data-widget_type=\"image-box.default\">\n\t\t\t\t<div class=\"elementor-widget-container\">\n\t\t\t\t\t<div class=\"elementor-image-box-wrapper\"><figure class=\"elementor-image-box-img\"><a href=\"https:\/\/www.tfix.pl\/fcr-fix-ekonomiczna-zywica-do-betonu\/\" tabindex=\"-1\"><img decoding=\"async\" width=\"97\" height=\"150\" src=\"https:\/\/www.tfix.pl\/wp-content\/uploads\/2021\/07\/FCRFIX.png\" class=\"attachment-thumbnail size-thumbnail wp-image-570\" alt=\"\" \/><\/a><\/figure><div class=\"elementor-image-box-content\"><h3 class=\"elementor-image-box-title\"><a href=\"https:\/\/www.tfix.pl\/fcr-fix-ekonomiczna-zywica-do-betonu\/\">FCR \u2026FIX \u2013 EKONOMICZNA \u017bYWICA, do betonu<\/a><\/h3><\/div><\/div>\t\t\t\t<\/div>\n\t\t\t\t<\/div>\n\t\t\t\t\t<\/div>\n\t\t<\/div>\n\t\t\t\t<div class=\"elementor-column elementor-col-25 elementor-top-column elementor-element elementor-element-7c492da\" data-id=\"7c492da\" data-element_type=\"column\">\n\t\t\t<div class=\"elementor-widget-wrap elementor-element-populated\">\n\t\t\t\t\t\t<div class=\"elementor-element elementor-element-a29bd65 elementor-position-top elementor-widget elementor-widget-image-box\" data-id=\"a29bd65\" data-element_type=\"widget\" data-widget_type=\"image-box.default\">\n\t\t\t\t<div class=\"elementor-widget-container\">\n\t\t\t\t\t<div class=\"elementor-image-box-wrapper\"><figure class=\"elementor-image-box-img\"><a href=\"https:\/\/www.tfix.pl\/fcr-mv-bezpieczna-zywica-do-wysokich-obciazen-w-wiekszosci-podlozy-budowlanych\/\" tabindex=\"-1\"><img loading=\"lazy\" decoding=\"async\" width=\"133\" height=\"150\" src=\"https:\/\/www.tfix.pl\/wp-content\/uploads\/2021\/07\/FCR3000.png\" class=\"attachment-thumbnail size-thumbnail wp-image-578\" alt=\"\" \/><\/a><\/figure><div class=\"elementor-image-box-content\"><h3 class=\"elementor-image-box-title\"><a href=\"https:\/\/www.tfix.pl\/fcr-mv-bezpieczna-zywica-do-wysokich-obciazen-w-wiekszosci-podlozy-budowlanych\/\">FCR \u2026MV \u2013 BEZPIECZNA \u017bYWICA, do wysokich obci\u0105\u017ce\u0144 w wi\u0119kszo\u015bci pod\u0142o\u017cy budowlanych<\/a><\/h3><\/div><\/div>\t\t\t\t<\/div>\n\t\t\t\t<\/div>\n\t\t\t\t\t<\/div>\n\t\t<\/div>\n\t\t\t\t\t<\/div>\n\t\t<\/section>\n\t\t\t\t<section class=\"elementor-section elementor-top-section elementor-element elementor-element-7b29648 elementor-section-boxed elementor-section-height-default elementor-section-height-default\" data-id=\"7b29648\" data-element_type=\"section\">\n\t\t\t\t\t\t<div class=\"elementor-container elementor-column-gap-default\">\n\t\t\t\t\t<div class=\"elementor-column elementor-col-25 elementor-top-column elementor-element elementor-element-a16d253\" data-id=\"a16d253\" data-element_type=\"column\">\n\t\t\t<div class=\"elementor-widget-wrap elementor-element-populated\">\n\t\t\t\t\t\t<div class=\"elementor-element elementor-element-1925ab8 elementor-position-top elementor-widget elementor-widget-image-box\" data-id=\"1925ab8\" data-element_type=\"widget\" data-widget_type=\"image-box.default\">\n\t\t\t\t<div class=\"elementor-widget-container\">\n\t\t\t\t\t<div class=\"elementor-image-box-wrapper\"><figure class=\"elementor-image-box-img\"><a href=\"https:\/\/www.tfix.pl\/fcr-m-pro-uniwersalna\/\" tabindex=\"-1\"><img loading=\"lazy\" decoding=\"async\" width=\"531\" height=\"601\" src=\"https:\/\/www.tfix.pl\/wp-content\/uploads\/2021\/07\/FCR410m.png\" class=\"attachment-full size-full wp-image-585\" alt=\"\" \/><\/a><\/figure><div class=\"elementor-image-box-content\"><h3 class=\"elementor-image-box-title\"><a href=\"https:\/\/www.tfix.pl\/fcr-m-pro-uniwersalna\/\">FCR \u2026M PRO \u2013 UNIWERSALNA \u017bYWICA, do wi\u0119kszo\u015bci pod\u0142o\u017cy budowlanych<\/a><\/h3><\/div><\/div>\t\t\t\t<\/div>\n\t\t\t\t<\/div>\n\t\t\t\t\t<\/div>\n\t\t<\/div>\n\t\t\t\t<div class=\"elementor-column elementor-col-25 elementor-top-column elementor-element elementor-element-2aba132\" data-id=\"2aba132\" data-element_type=\"column\">\n\t\t\t<div class=\"elementor-widget-wrap elementor-element-populated\">\n\t\t\t\t\t\t<div class=\"elementor-element elementor-element-3e9c7c1 elementor-position-top elementor-widget elementor-widget-image-box\" data-id=\"3e9c7c1\" data-element_type=\"widget\" data-widget_type=\"image-box.default\">\n\t\t\t\t<div class=\"elementor-widget-container\">\n\t\t\t\t\t<div class=\"elementor-image-box-wrapper\"><figure class=\"elementor-image-box-img\"><a href=\"https:\/\/www.tfix.pl\/fcr-mvz-zimowa-zywica\/\" tabindex=\"-1\"><img loading=\"lazy\" decoding=\"async\" width=\"423\" height=\"459\" src=\"https:\/\/www.tfix.pl\/wp-content\/uploads\/2021\/07\/FCR410MVZ.png\" class=\"attachment-full size-full wp-image-593\" alt=\"\" \/><\/a><\/figure><div class=\"elementor-image-box-content\"><h3 class=\"elementor-image-box-title\"><a href=\"https:\/\/www.tfix.pl\/fcr-mvz-zimowa-zywica\/\">FCR \u2026MVZ \u2013 ZIMOWA \u017bYWICA DO WYSOKICH OBCI\u0104\u017bE\u0143 w wi\u0119kszo\u015bci pod\u0142o\u017cy budowlanych<\/a><\/h3><\/div><\/div>\t\t\t\t<\/div>\n\t\t\t\t<\/div>\n\t\t\t\t\t<\/div>\n\t\t<\/div>\n\t\t\t\t<div class=\"elementor-column elementor-col-25 elementor-top-column elementor-element elementor-element-481f7eb\" data-id=\"481f7eb\" data-element_type=\"column\">\n\t\t\t<div class=\"elementor-widget-wrap elementor-element-populated\">\n\t\t\t\t\t\t<div class=\"elementor-element elementor-element-bf9d9c0 elementor-position-top elementor-widget elementor-widget-image-box\" data-id=\"bf9d9c0\" data-element_type=\"widget\" data-widget_type=\"image-box.default\">\n\t\t\t\t<div class=\"elementor-widget-container\">\n\t\t\t\t\t<div class=\"elementor-image-box-wrapper\"><figure class=\"elementor-image-box-img\"><a href=\"https:\/\/www.tfix.pl\/fcs-prety-kotew-chemicznych-klasy-5-8-ocynkowane-galwanicznie\/\" tabindex=\"-1\"><img loading=\"lazy\" decoding=\"async\" width=\"126\" height=\"150\" src=\"https:\/\/www.tfix.pl\/wp-content\/uploads\/2021\/07\/FCS.png\" class=\"attachment-thumbnail size-thumbnail wp-image-605\" alt=\"\" \/><\/a><\/figure><div class=\"elementor-image-box-content\"><h3 class=\"elementor-image-box-title\"><a href=\"https:\/\/www.tfix.pl\/fcs-prety-kotew-chemicznych-klasy-5-8-ocynkowane-galwanicznie\/\">FCS \u2013 Pr\u0119ty kotew chemicznych (klasy 5.8 ocynkowane galwanicznie)<\/a><\/h3><\/div><\/div>\t\t\t\t<\/div>\n\t\t\t\t<\/div>\n\t\t\t\t\t<\/div>\n\t\t<\/div>\n\t\t\t\t<div class=\"elementor-column elementor-col-25 elementor-top-column elementor-element elementor-element-7334f02\" data-id=\"7334f02\" data-element_type=\"column\">\n\t\t\t<div class=\"elementor-widget-wrap elementor-element-populated\">\n\t\t\t\t\t\t<div class=\"elementor-element elementor-element-579e08f elementor-position-top elementor-widget elementor-widget-image-box\" data-id=\"579e08f\" data-element_type=\"widget\" data-widget_type=\"image-box.default\">\n\t\t\t\t<div class=\"elementor-widget-container\">\n\t\t\t\t\t<div class=\"elementor-image-box-wrapper\"><figure class=\"elementor-image-box-img\"><a href=\"https:\/\/www.tfix.pl\/fcs-g-prety-kotew-chemicznych-klasy-5-8-ocynkowane-ogniowo\/\" tabindex=\"-1\"><img loading=\"lazy\" decoding=\"async\" width=\"84\" height=\"150\" src=\"https:\/\/www.tfix.pl\/wp-content\/uploads\/2021\/07\/FCSg.png\" class=\"attachment-thumbnail size-thumbnail wp-image-616\" alt=\"\" \/><\/a><\/figure><div class=\"elementor-image-box-content\"><h3 class=\"elementor-image-box-title\"><a href=\"https:\/\/www.tfix.pl\/fcs-g-prety-kotew-chemicznych-klasy-5-8-ocynkowane-ogniowo\/\">FCS...G \u2013 Pr\u0119ty kotew chemicznych (klasy 5.8 ocynkowane ogniowo)<\/a><\/h3><\/div><\/div>\t\t\t\t<\/div>\n\t\t\t\t<\/div>\n\t\t\t\t\t<\/div>\n\t\t<\/div>\n\t\t\t\t\t<\/div>\n\t\t<\/section>\n\t\t\t\t<section class=\"elementor-section elementor-top-section elementor-element elementor-element-b36cd13 elementor-section-boxed elementor-section-height-default elementor-section-height-default\" data-id=\"b36cd13\" data-element_type=\"section\">\n\t\t\t\t\t\t<div class=\"elementor-container elementor-column-gap-default\">\n\t\t\t\t\t<div class=\"elementor-column elementor-col-25 elementor-top-column elementor-element elementor-element-adc3fd3\" data-id=\"adc3fd3\" data-element_type=\"column\">\n\t\t\t<div class=\"elementor-widget-wrap elementor-element-populated\">\n\t\t\t\t\t\t<div class=\"elementor-element elementor-element-b517e55 elementor-position-top elementor-widget elementor-widget-image-box\" data-id=\"b517e55\" data-element_type=\"widget\" data-widget_type=\"image-box.default\">\n\t\t\t\t<div class=\"elementor-widget-container\">\n\t\t\t\t\t<div class=\"elementor-image-box-wrapper\"><figure class=\"elementor-image-box-img\"><a href=\"https:\/\/www.tfix.pl\/fmn-mieszacze-zaprawy-zywicznej\/\" tabindex=\"-1\"><img loading=\"lazy\" decoding=\"async\" width=\"150\" height=\"131\" src=\"https:\/\/www.tfix.pl\/wp-content\/uploads\/2021\/07\/FMN.png\" class=\"attachment-thumbnail size-thumbnail wp-image-621\" alt=\"\" \/><\/a><\/figure><div class=\"elementor-image-box-content\"><h3 class=\"elementor-image-box-title\"><a href=\"https:\/\/www.tfix.pl\/fmn-mieszacze-zaprawy-zywicznej\/\">FMN \u2013 Mieszacze zaprawy \u017cywicznej<\/a><\/h3><\/div><\/div>\t\t\t\t<\/div>\n\t\t\t\t<\/div>\n\t\t\t\t\t<\/div>\n\t\t<\/div>\n\t\t\t\t<div class=\"elementor-column elementor-col-25 elementor-top-column elementor-element elementor-element-6bf88ee\" data-id=\"6bf88ee\" data-element_type=\"column\">\n\t\t\t<div class=\"elementor-widget-wrap elementor-element-populated\">\n\t\t\t\t\t\t<div class=\"elementor-element elementor-element-a42efef elementor-position-top elementor-widget elementor-widget-image-box\" data-id=\"a42efef\" data-element_type=\"widget\" data-widget_type=\"image-box.default\">\n\t\t\t\t<div class=\"elementor-widget-container\">\n\t\t\t\t\t<div class=\"elementor-image-box-wrapper\"><figure class=\"elementor-image-box-img\"><a href=\"https:\/\/www.tfix.pl\/pl_pl\/fps-tuleje-perforowane-tworzywowe\/\" tabindex=\"-1\"><img loading=\"lazy\" decoding=\"async\" width=\"76\" height=\"150\" src=\"https:\/\/www.tfix.pl\/wp-content\/uploads\/2021\/07\/FPS.png\" class=\"attachment-thumbnail size-thumbnail wp-image-627\" alt=\"\" \/><\/a><\/figure><div class=\"elementor-image-box-content\"><h3 class=\"elementor-image-box-title\"><a href=\"https:\/\/www.tfix.pl\/pl_pl\/fps-tuleje-perforowane-tworzywowe\/\">FPS \u2013 Tuleje perforowane tworzywowe<\/a><\/h3><\/div><\/div>\t\t\t\t<\/div>\n\t\t\t\t<\/div>\n\t\t\t\t\t<\/div>\n\t\t<\/div>\n\t\t\t\t<div class=\"elementor-column elementor-col-25 elementor-top-column elementor-element elementor-element-82bc9c9\" data-id=\"82bc9c9\" data-element_type=\"column\">\n\t\t\t<div class=\"elementor-widget-wrap elementor-element-populated\">\n\t\t\t\t\t\t<div class=\"elementor-element elementor-element-051b124 elementor-position-top elementor-widget elementor-widget-image-box\" data-id=\"051b124\" data-element_type=\"widget\" data-widget_type=\"image-box.default\">\n\t\t\t\t<div class=\"elementor-widget-container\">\n\t\t\t\t\t<div class=\"elementor-image-box-wrapper\"><figure class=\"elementor-image-box-img\"><a href=\"https:\/\/www.tfix.pl\/fms-tuleje-siatkowe-stalowe\/\" tabindex=\"-1\"><img loading=\"lazy\" decoding=\"async\" width=\"131\" height=\"266\" src=\"https:\/\/www.tfix.pl\/wp-content\/uploads\/2021\/07\/FMS.png\" class=\"attachment-full size-full wp-image-632\" alt=\"\" \/><\/a><\/figure><div class=\"elementor-image-box-content\"><h3 class=\"elementor-image-box-title\"><a href=\"https:\/\/www.tfix.pl\/fms-tuleje-siatkowe-stalowe\/\">FMS \u2013 Tuleje siatkowe stalowe<\/a><\/h3><\/div><\/div>\t\t\t\t<\/div>\n\t\t\t\t<\/div>\n\t\t\t\t\t<\/div>\n\t\t<\/div>\n\t\t\t\t<div class=\"elementor-column elementor-col-25 elementor-top-column elementor-element elementor-element-cdf9449\" data-id=\"cdf9449\" data-element_type=\"column\">\n\t\t\t<div class=\"elementor-widget-wrap elementor-element-populated\">\n\t\t\t\t\t\t<div class=\"elementor-element elementor-element-9d5094a elementor-position-top elementor-widget elementor-widget-image-box\" data-id=\"9d5094a\" data-element_type=\"widget\" data-widget_type=\"image-box.default\">\n\t\t\t\t<div class=\"elementor-widget-container\">\n\t\t\t\t\t<div class=\"elementor-image-box-wrapper\"><figure class=\"elementor-image-box-img\"><a href=\"https:\/\/www.tfix.pl\/fbp-pompka-do-wydmuchiwania-pylu-fcs\/\" tabindex=\"-1\"><img loading=\"lazy\" decoding=\"async\" width=\"256\" height=\"303\" src=\"https:\/\/www.tfix.pl\/wp-content\/uploads\/2021\/07\/FBP.png\" class=\"attachment-full size-full wp-image-637\" alt=\"\" \/><\/a><\/figure><div class=\"elementor-image-box-content\"><h3 class=\"elementor-image-box-title\"><a href=\"https:\/\/www.tfix.pl\/fbp-pompka-do-wydmuchiwania-pylu-fcs\/\">FBP \u2013 Pompka do wydmuchiwania py\u0142u \/ FCS \u2013 Szczotki do czyszczenia otwor\u00f3w<\/a><\/h3><\/div><\/div>\t\t\t\t<\/div>\n\t\t\t\t<\/div>\n\t\t\t\t\t<\/div>\n\t\t<\/div>\n\t\t\t\t\t<\/div>\n\t\t<\/section>\n\t\t\t\t<section class=\"elementor-section elementor-top-section elementor-element elementor-element-1ef9f11 elementor-section-boxed elementor-section-height-default elementor-section-height-default\" data-id=\"1ef9f11\" data-element_type=\"section\">\n\t\t\t\t\t\t<div class=\"elementor-container elementor-column-gap-default\">\n\t\t\t\t\t<div class=\"elementor-column elementor-col-25 elementor-top-column elementor-element elementor-element-4023908\" data-id=\"4023908\" data-element_type=\"column\">\n\t\t\t<div class=\"elementor-widget-wrap elementor-element-populated\">\n\t\t\t\t\t\t<div class=\"elementor-element elementor-element-f17eb75 elementor-position-top elementor-widget elementor-widget-image-box\" data-id=\"f17eb75\" data-element_type=\"widget\" data-widget_type=\"image-box.default\">\n\t\t\t\t<div class=\"elementor-widget-container\">\n\t\t\t\t\t<div class=\"elementor-image-box-wrapper\"><figure class=\"elementor-image-box-img\"><a href=\"https:\/\/www.tfix.pl\/fmt-dozowniki-do-iniekcji-zywicy\/\" tabindex=\"-1\"><img loading=\"lazy\" decoding=\"async\" width=\"150\" height=\"127\" src=\"https:\/\/www.tfix.pl\/wp-content\/uploads\/2021\/07\/FMT.png\" class=\"attachment-thumbnail size-thumbnail wp-image-643\" alt=\"\" \/><\/a><\/figure><div class=\"elementor-image-box-content\"><h3 class=\"elementor-image-box-title\"><a href=\"https:\/\/www.tfix.pl\/fmt-dozowniki-do-iniekcji-zywicy\/\">FMT \u2013 Dozowniki do iniekcji \u017cywicy<\/a><\/h3><\/div><\/div>\t\t\t\t<\/div>\n\t\t\t\t<\/div>\n\t\t\t\t\t<\/div>\n\t\t<\/div>\n\t\t\t\t<div class=\"elementor-column elementor-col-25 elementor-top-column elementor-element elementor-element-fc7bae9\" data-id=\"fc7bae9\" data-element_type=\"column\">\n\t\t\t<div class=\"elementor-widget-wrap\">\n\t\t\t\t\t\t\t<\/div>\n\t\t<\/div>\n\t\t\t\t<div class=\"elementor-column elementor-col-25 elementor-top-column elementor-element elementor-element-c700228\" data-id=\"c700228\" data-element_type=\"column\">\n\t\t\t<div class=\"elementor-widget-wrap\">\n\t\t\t\t\t\t\t<\/div>\n\t\t<\/div>\n\t\t\t\t<div class=\"elementor-column elementor-col-25 elementor-top-column elementor-element elementor-element-94f167d\" data-id=\"94f167d\" data-element_type=\"column\">\n\t\t\t<div class=\"elementor-widget-wrap\">\n\t\t\t\t\t\t\t<\/div>\n\t\t<\/div>\n\t\t\t\t\t<\/div>\n\t\t<\/section>\n\t\t\t\t<\/div>\n\t\t","protected":false},"excerpt":{"rendered":"<p>FCR 410V PRO \u2013 PROFESJONALNA \u017bYWICA, do najwy\u017cszych obci\u0105\u017ce\u0144 FCR 585RE \u2013 \u017bYWICA EPOKSYDOWA 3:1 do najwy\u017cszych obci\u0105\u017ce\u0144 FCR \u2026FIX \u2013 EKONOMICZNA \u017bYWICA, do betonu FCR \u2026MV \u2013 BEZPIECZNA \u017bYWICA, do wysokich obci\u0105\u017ce\u0144 w wi\u0119kszo\u015bci pod\u0142o\u017cy budowlanych FCR \u2026M PRO \u2013 UNIWERSALNA \u017bYWICA, do wi\u0119kszo\u015bci pod\u0142o\u017cy budowlanych FCR \u2026MVZ \u2013 [&hellip;]<\/p>\n","protected":false},"author":1,"featured_media":0,"parent":0,"menu_order":0,"comment_status":"closed","ping_status":"closed","template":"page-templates\/template-fullwidth.php","meta":{"footnotes":""},"folder":[26],"class_list":["post-243","page","type-page","status-publish","hentry"],"_links":{"self":[{"href":"https:\/\/www.tfix.pl\/pl\/wp-json\/wp\/v2\/pages\/243","targetHints":{"allow":["GET"]}}],"collection":[{"href":"https:\/\/www.tfix.pl\/pl\/wp-json\/wp\/v2\/pages"}],"about":[{"href":"https:\/\/www.tfix.pl\/pl\/wp-json\/wp\/v2\/types\/page"}],"author":[{"embeddable":true,"href":"https:\/\/www.tfix.pl\/pl\/wp-json\/wp\/v2\/users\/1"}],"replies":[{"embeddable":true,"href":"https:\/\/www.tfix.pl\/pl\/wp-json\/wp\/v2\/comments?post=243"}],"version-history":[{"count":13,"href":"https:\/\/www.tfix.pl\/pl\/wp-json\/wp\/v2\/pages\/243\/revisions"}],"predecessor-version":[{"id":2406,"href":"https:\/\/www.tfix.pl\/pl\/wp-json\/wp\/v2\/pages\/243\/revisions\/2406"}],"wp:attachment":[{"href":"https:\/\/www.tfix.pl\/pl\/wp-json\/wp\/v2\/media?parent=243"}],"wp:term":[{"taxonomy":"folder","embeddable":true,"href":"https:\/\/www.tfix.pl\/pl\/wp-json\/wp\/v2\/folder?post=243"}],"curies":[{"name":"wp","href":"https:\/\/api.w.org\/{rel}","templated":true}]}}