{"id":251,"date":"2021-07-14T16:30:53","date_gmt":"2021-07-14T16:30:53","guid":{"rendered":"http:\/\/localhost\/wordpress\/?page_id=251"},"modified":"2021-10-07T18:01:39","modified_gmt":"2021-10-07T18:01:39","slug":"kolki-uniwersalne","status":"publish","type":"page","link":"https:\/\/www.tfix.pl\/pl\/kolki-uniwersalne\/","title":{"rendered":"Ko\u0142ki uniwersalne"},"content":{"rendered":"\t\t<div data-elementor-type=\"wp-page\" data-elementor-id=\"251\" class=\"elementor elementor-251\">\n\t\t\t\t\t\t<section class=\"elementor-section elementor-top-section elementor-element elementor-element-61f5e91 elementor-section-boxed elementor-section-height-default elementor-section-height-default\" data-id=\"61f5e91\" data-element_type=\"section\">\n\t\t\t\t\t\t<div class=\"elementor-container elementor-column-gap-default\">\n\t\t\t\t\t<div class=\"elementor-column elementor-col-100 elementor-top-column elementor-element elementor-element-6fef999\" data-id=\"6fef999\" data-element_type=\"column\">\n\t\t\t<div class=\"elementor-widget-wrap elementor-element-populated\">\n\t\t\t\t\t\t<section class=\"elementor-section elementor-inner-section elementor-element elementor-element-8c25590 elementor-section-boxed elementor-section-height-default elementor-section-height-default\" data-id=\"8c25590\" data-element_type=\"section\">\n\t\t\t\t\t\t<div class=\"elementor-container elementor-column-gap-default\">\n\t\t\t\t\t<div class=\"elementor-column elementor-col-25 elementor-inner-column elementor-element elementor-element-fe307a3\" data-id=\"fe307a3\" data-element_type=\"column\">\n\t\t\t<div class=\"elementor-widget-wrap elementor-element-populated\">\n\t\t\t\t\t\t<div class=\"elementor-element elementor-element-7cadf21 elementor-position-top elementor-widget elementor-widget-image-box\" data-id=\"7cadf21\" data-element_type=\"widget\" data-widget_type=\"image-box.default\">\n\t\t\t\t<div class=\"elementor-widget-container\">\n\t\t\t\t\t<div class=\"elementor-image-box-wrapper\"><figure class=\"elementor-image-box-img\"><a href=\"https:\/\/www.tfix.pl\/fhlp-kolki-do-wysokich-obciazen\/\" tabindex=\"-1\"><img decoding=\"async\" width=\"144\" height=\"150\" src=\"https:\/\/www.tfix.pl\/wp-content\/uploads\/2021\/07\/FHLP.png\" class=\"attachment-thumbnail size-thumbnail wp-image-758\" alt=\"\" \/><\/a><\/figure><div class=\"elementor-image-box-content\"><h3 class=\"elementor-image-box-title\"><a href=\"https:\/\/www.tfix.pl\/fhlp-kolki-do-wysokich-obciazen\/\">FHLP \u2013 ko\u0142ki do wysokich obci\u0105\u017ce\u0144<\/a><\/h3><\/div><\/div>\t\t\t\t<\/div>\n\t\t\t\t<\/div>\n\t\t\t\t\t<\/div>\n\t\t<\/div>\n\t\t\t\t<div class=\"elementor-column elementor-col-25 elementor-inner-column elementor-element elementor-element-4d90499\" data-id=\"4d90499\" data-element_type=\"column\">\n\t\t\t<div class=\"elementor-widget-wrap elementor-element-populated\">\n\t\t\t\t\t\t<div class=\"elementor-element elementor-element-8b0ec17 elementor-position-top elementor-widget elementor-widget-image-box\" data-id=\"8b0ec17\" data-element_type=\"widget\" data-widget_type=\"image-box.default\">\n\t\t\t\t<div class=\"elementor-widget-container\">\n\t\t\t\t\t<div class=\"elementor-image-box-wrapper\"><figure class=\"elementor-image-box-img\"><a href=\"https:\/\/www.tfix.pl\/fup-kolki-uniwersalne\/\" tabindex=\"-1\"><img decoding=\"async\" width=\"150\" height=\"107\" src=\"https:\/\/www.tfix.pl\/wp-content\/uploads\/2021\/07\/FUP.png\" class=\"attachment-thumbnail size-thumbnail wp-image-763\" alt=\"\" \/><\/a><\/figure><div class=\"elementor-image-box-content\"><h3 class=\"elementor-image-box-title\"><a href=\"https:\/\/www.tfix.pl\/fup-kolki-uniwersalne\/\">FUP \u2013 ko\u0142ki uniwersalne<\/a><\/h3><\/div><\/div>\t\t\t\t<\/div>\n\t\t\t\t<\/div>\n\t\t\t\t\t<\/div>\n\t\t<\/div>\n\t\t\t\t<div class=\"elementor-column elementor-col-25 elementor-inner-column elementor-element elementor-element-a2bf30c\" data-id=\"a2bf30c\" data-element_type=\"column\">\n\t\t\t<div class=\"elementor-widget-wrap elementor-element-populated\">\n\t\t\t\t\t\t<div class=\"elementor-element elementor-element-9692297 elementor-position-top elementor-widget elementor-widget-image-box\" data-id=\"9692297\" data-element_type=\"widget\" data-widget_type=\"image-box.default\">\n\t\t\t\t<div class=\"elementor-widget-container\">\n\t\t\t\t\t<div class=\"elementor-image-box-wrapper\"><figure class=\"elementor-image-box-img\"><a href=\"https:\/\/www.tfix.pl\/fnpk-kolki-rozporowe-wkret-z-lbem-stozkowo-plaskim\/\" tabindex=\"-1\"><img decoding=\"async\" width=\"101\" height=\"150\" src=\"https:\/\/www.tfix.pl\/wp-content\/uploads\/2021\/08\/FNPK.png\" class=\"attachment-thumbnail size-thumbnail wp-image-768\" alt=\"\" \/><\/a><\/figure><div class=\"elementor-image-box-content\"><h3 class=\"elementor-image-box-title\"><a href=\"https:\/\/www.tfix.pl\/fnpk-kolki-rozporowe-wkret-z-lbem-stozkowo-plaskim\/\">FNPK \u2013 ko\u0142ki rozporowe (wkr\u0119t z \u0142bem sto\u017ckowo-p\u0142askim)<\/a><\/h3><\/div><\/div>\t\t\t\t<\/div>\n\t\t\t\t<\/div>\n\t\t\t\t\t<\/div>\n\t\t<\/div>\n\t\t\t\t<div class=\"elementor-column elementor-col-25 elementor-inner-column elementor-element elementor-element-7baef09\" data-id=\"7baef09\" data-element_type=\"column\">\n\t\t\t<div class=\"elementor-widget-wrap elementor-element-populated\">\n\t\t\t\t\t\t<div class=\"elementor-element elementor-element-ffb0162 elementor-position-top elementor-widget elementor-widget-image-box\" data-id=\"ffb0162\" data-element_type=\"widget\" data-widget_type=\"image-box.default\">\n\t\t\t\t<div class=\"elementor-widget-container\">\n\t\t\t\t\t<div class=\"elementor-image-box-wrapper\"><figure class=\"elementor-image-box-img\"><a href=\"https:\/\/www.tfix.pl\/fnph-kolki-rozporowe-wkret-z-lbem-szesciokatnym\/\" tabindex=\"-1\"><img loading=\"lazy\" decoding=\"async\" width=\"150\" height=\"131\" src=\"https:\/\/www.tfix.pl\/wp-content\/uploads\/2021\/08\/FNPH.png\" class=\"attachment-thumbnail size-thumbnail wp-image-776\" alt=\"\" \/><\/a><\/figure><div class=\"elementor-image-box-content\"><h3 class=\"elementor-image-box-title\"><a href=\"https:\/\/www.tfix.pl\/fnph-kolki-rozporowe-wkret-z-lbem-szesciokatnym\/\">FNPH \u2013 ko\u0142ki rozporowe (wkr\u0119t z \u0142bem sze\u015bciok\u0105tnym)<\/a><\/h3><\/div><\/div>\t\t\t\t<\/div>\n\t\t\t\t<\/div>\n\t\t\t\t\t<\/div>\n\t\t<\/div>\n\t\t\t\t\t<\/div>\n\t\t<\/section>\n\t\t\t\t\t<\/div>\n\t\t<\/div>\n\t\t\t\t\t<\/div>\n\t\t<\/section>\n\t\t\t\t<section class=\"elementor-section elementor-top-section elementor-element elementor-element-e6bcb20 elementor-section-boxed elementor-section-height-default elementor-section-height-default\" data-id=\"e6bcb20\" data-element_type=\"section\">\n\t\t\t\t\t\t<div class=\"elementor-container elementor-column-gap-default\">\n\t\t\t\t\t<div class=\"elementor-column elementor-col-100 elementor-top-column elementor-element elementor-element-7fe1c5e\" data-id=\"7fe1c5e\" data-element_type=\"column\">\n\t\t\t<div class=\"elementor-widget-wrap elementor-element-populated\">\n\t\t\t\t\t\t<section class=\"elementor-section elementor-inner-section elementor-element elementor-element-64b419f elementor-section-boxed elementor-section-height-default elementor-section-height-default\" data-id=\"64b419f\" data-element_type=\"section\">\n\t\t\t\t\t\t<div class=\"elementor-container elementor-column-gap-default\">\n\t\t\t\t\t<div class=\"elementor-column elementor-col-25 elementor-inner-column elementor-element elementor-element-91c6a71\" data-id=\"91c6a71\" data-element_type=\"column\">\n\t\t\t<div class=\"elementor-widget-wrap elementor-element-populated\">\n\t\t\t\t\t\t<div class=\"elementor-element elementor-element-cb77987 elementor-position-top elementor-widget elementor-widget-image-box\" data-id=\"cb77987\" data-element_type=\"widget\" data-widget_type=\"image-box.default\">\n\t\t\t\t<div class=\"elementor-widget-container\">\n\t\t\t\t\t<div class=\"elementor-image-box-wrapper\"><figure class=\"elementor-image-box-img\"><a href=\"https:\/\/www.tfix.pl\/fnp-tradycyjne-kolki-rozporowe\/\" tabindex=\"-1\"><img loading=\"lazy\" decoding=\"async\" width=\"118\" height=\"150\" src=\"https:\/\/www.tfix.pl\/wp-content\/uploads\/2021\/08\/FNP.png\" class=\"attachment-thumbnail size-thumbnail wp-image-781\" alt=\"\" \/><\/a><\/figure><div class=\"elementor-image-box-content\"><h3 class=\"elementor-image-box-title\"><a href=\"https:\/\/www.tfix.pl\/fnp-tradycyjne-kolki-rozporowe\/\">FNP \u2013 tradycyjne ko\u0142ki rozporowe<\/a><\/h3><\/div><\/div>\t\t\t\t<\/div>\n\t\t\t\t<\/div>\n\t\t\t\t\t<\/div>\n\t\t<\/div>\n\t\t\t\t<div class=\"elementor-column elementor-col-25 elementor-inner-column elementor-element elementor-element-e9204b6\" data-id=\"e9204b6\" data-element_type=\"column\">\n\t\t\t<div class=\"elementor-widget-wrap elementor-element-populated\">\n\t\t\t\t\t\t<div class=\"elementor-element elementor-element-749d0ca elementor-position-top elementor-widget elementor-widget-image-box\" data-id=\"749d0ca\" data-element_type=\"widget\" data-widget_type=\"image-box.default\">\n\t\t\t\t<div class=\"elementor-widget-container\">\n\t\t\t\t\t<div class=\"elementor-image-box-wrapper\"><figure class=\"elementor-image-box-img\"><a href=\"https:\/\/www.tfix.pl\/fsp-kolki-rozporowe-do-mocowania-drewnianych-stopni\/\" tabindex=\"-1\"><img loading=\"lazy\" decoding=\"async\" width=\"150\" height=\"131\" src=\"https:\/\/www.tfix.pl\/wp-content\/uploads\/2021\/08\/FSP.png\" class=\"attachment-thumbnail size-thumbnail wp-image-787\" alt=\"\" \/><\/a><\/figure><div class=\"elementor-image-box-content\"><h3 class=\"elementor-image-box-title\"><a href=\"https:\/\/www.tfix.pl\/fsp-kolki-rozporowe-do-mocowania-drewnianych-stopni\/\">FSP\u2013 ko\u0142ki rozporowe do mocowania drewnianych stopni schodowych<\/a><\/h3><\/div><\/div>\t\t\t\t<\/div>\n\t\t\t\t<\/div>\n\t\t\t\t\t<\/div>\n\t\t<\/div>\n\t\t\t\t<div class=\"elementor-column elementor-col-25 elementor-inner-column elementor-element elementor-element-10d47d1\" data-id=\"10d47d1\" data-element_type=\"column\">\n\t\t\t<div class=\"elementor-widget-wrap\">\n\t\t\t\t\t\t\t<\/div>\n\t\t<\/div>\n\t\t\t\t<div class=\"elementor-column elementor-col-25 elementor-inner-column elementor-element elementor-element-6c30394\" data-id=\"6c30394\" data-element_type=\"column\">\n\t\t\t<div class=\"elementor-widget-wrap\">\n\t\t\t\t\t\t\t<\/div>\n\t\t<\/div>\n\t\t\t\t\t<\/div>\n\t\t<\/section>\n\t\t\t\t\t<\/div>\n\t\t<\/div>\n\t\t\t\t\t<\/div>\n\t\t<\/section>\n\t\t\t\t<\/div>\n\t\t","protected":false},"excerpt":{"rendered":"<p>FHLP \u2013 ko\u0142ki do wysokich obci\u0105\u017ce\u0144 FUP \u2013 ko\u0142ki uniwersalne FNPK \u2013 ko\u0142ki rozporowe (wkr\u0119t z \u0142bem sto\u017ckowo-p\u0142askim) FNPH \u2013 ko\u0142ki rozporowe (wkr\u0119t z \u0142bem sze\u015bciok\u0105tnym) FNP \u2013 tradycyjne ko\u0142ki rozporowe FSP\u2013 ko\u0142ki rozporowe do mocowania drewnianych stopni schodowych<\/p>\n","protected":false},"author":1,"featured_media":0,"parent":0,"menu_order":0,"comment_status":"closed","ping_status":"closed","template":"page-templates\/template-fullwidth.php","meta":{"footnotes":""},"folder":[26],"class_list":["post-251","page","type-page","status-publish","hentry"],"_links":{"self":[{"href":"https:\/\/www.tfix.pl\/pl\/wp-json\/wp\/v2\/pages\/251","targetHints":{"allow":["GET"]}}],"collection":[{"href":"https:\/\/www.tfix.pl\/pl\/wp-json\/wp\/v2\/pages"}],"about":[{"href":"https:\/\/www.tfix.pl\/pl\/wp-json\/wp\/v2\/types\/page"}],"author":[{"embeddable":true,"href":"https:\/\/www.tfix.pl\/pl\/wp-json\/wp\/v2\/users\/1"}],"replies":[{"embeddable":true,"href":"https:\/\/www.tfix.pl\/pl\/wp-json\/wp\/v2\/comments?post=251"}],"version-history":[{"count":7,"href":"https:\/\/www.tfix.pl\/pl\/wp-json\/wp\/v2\/pages\/251\/revisions"}],"predecessor-version":[{"id":1343,"href":"https:\/\/www.tfix.pl\/pl\/wp-json\/wp\/v2\/pages\/251\/revisions\/1343"}],"wp:attachment":[{"href":"https:\/\/www.tfix.pl\/pl\/wp-json\/wp\/v2\/media?parent=251"}],"wp:term":[{"taxonomy":"folder","embeddable":true,"href":"https:\/\/www.tfix.pl\/pl\/wp-json\/wp\/v2\/folder?post=251"}],"curies":[{"name":"wp","href":"https:\/\/api.w.org\/{rel}","templated":true}]}}