{"id":253,"date":"2021-07-14T16:31:12","date_gmt":"2021-07-14T16:31:12","guid":{"rendered":"http:\/\/localhost\/wordpress\/?page_id=253"},"modified":"2021-10-07T18:19:01","modified_gmt":"2021-10-07T18:19:01","slug":"akcesoria-dla-instalatorow","status":"publish","type":"page","link":"https:\/\/www.tfix.pl\/pl\/akcesoria-dla-instalatorow\/","title":{"rendered":"Akcesoria dla instalator\u00f3w"},"content":{"rendered":"\t\t<div data-elementor-type=\"wp-page\" data-elementor-id=\"253\" class=\"elementor elementor-253\">\n\t\t\t\t\t\t<section class=\"elementor-section elementor-top-section elementor-element elementor-element-fc470cf elementor-section-boxed elementor-section-height-default elementor-section-height-default\" data-id=\"fc470cf\" data-element_type=\"section\">\n\t\t\t\t\t\t<div class=\"elementor-container elementor-column-gap-default\">\n\t\t\t\t\t<div class=\"elementor-column elementor-col-100 elementor-top-column elementor-element elementor-element-5e91f96\" data-id=\"5e91f96\" data-element_type=\"column\">\n\t\t\t<div class=\"elementor-widget-wrap elementor-element-populated\">\n\t\t\t\t\t\t<section class=\"elementor-section elementor-inner-section elementor-element elementor-element-a1ec760 elementor-section-boxed elementor-section-height-default elementor-section-height-default\" data-id=\"a1ec760\" data-element_type=\"section\">\n\t\t\t\t\t\t<div class=\"elementor-container elementor-column-gap-default\">\n\t\t\t\t\t<div class=\"elementor-column elementor-col-25 elementor-inner-column elementor-element elementor-element-39bed38\" data-id=\"39bed38\" data-element_type=\"column\">\n\t\t\t<div class=\"elementor-widget-wrap elementor-element-populated\">\n\t\t\t\t\t\t<div class=\"elementor-element elementor-element-26eee97 elementor-position-top elementor-widget elementor-widget-image-box\" data-id=\"26eee97\" data-element_type=\"widget\" data-widget_type=\"image-box.default\">\n\t\t\t\t<div class=\"elementor-widget-container\">\n\t\t\t\t\t<div class=\"elementor-image-box-wrapper\"><figure class=\"elementor-image-box-img\"><a href=\"https:\/\/www.tfix.pl\/hfn-opaski-zaciskowe\/\" tabindex=\"-1\"><img decoding=\"async\" width=\"150\" height=\"144\" src=\"https:\/\/www.tfix.pl\/wp-content\/uploads\/2021\/08\/HFN.png\" class=\"attachment-thumbnail size-thumbnail wp-image-813\" alt=\"\" \/><\/a><\/figure><div class=\"elementor-image-box-content\"><h3 class=\"elementor-image-box-title\"><a href=\"https:\/\/www.tfix.pl\/hfn-opaski-zaciskowe\/\">HFN \u2013 opaski zaciskowe<\/a><\/h3><\/div><\/div>\t\t\t\t<\/div>\n\t\t\t\t<\/div>\n\t\t\t\t\t<\/div>\n\t\t<\/div>\n\t\t\t\t<div class=\"elementor-column elementor-col-25 elementor-inner-column elementor-element elementor-element-db701f8\" data-id=\"db701f8\" data-element_type=\"column\">\n\t\t\t<div class=\"elementor-widget-wrap elementor-element-populated\">\n\t\t\t\t\t\t<div class=\"elementor-element elementor-element-9307e2d elementor-position-top elementor-widget elementor-widget-image-box\" data-id=\"9307e2d\" data-element_type=\"widget\" data-widget_type=\"image-box.default\">\n\t\t\t\t<div class=\"elementor-widget-container\">\n\t\t\t\t\t<div class=\"elementor-image-box-wrapper\"><figure class=\"elementor-image-box-img\"><a href=\"https:\/\/www.tfix.pl\/fctph-kolki-do-montazu-przewodow-peszli-opaskami-zaciskowymi\/\" tabindex=\"-1\"><img decoding=\"async\" width=\"150\" height=\"96\" src=\"https:\/\/www.tfix.pl\/wp-content\/uploads\/2021\/08\/FCTPH.png\" class=\"attachment-thumbnail size-thumbnail wp-image-818\" alt=\"\" \/><\/a><\/figure><div class=\"elementor-image-box-content\"><h3 class=\"elementor-image-box-title\"><a href=\"https:\/\/www.tfix.pl\/fctph-kolki-do-montazu-przewodow-peszli-opaskami-zaciskowymi\/\">FCTPH \u2013 ko\u0142ki do monta\u017cu przewod\u00f3w\/ peszli opaskami zaciskowymi<\/a><\/h3><\/div><\/div>\t\t\t\t<\/div>\n\t\t\t\t<\/div>\n\t\t\t\t\t<\/div>\n\t\t<\/div>\n\t\t\t\t<div class=\"elementor-column elementor-col-25 elementor-inner-column elementor-element elementor-element-8f36778\" data-id=\"8f36778\" data-element_type=\"column\">\n\t\t\t<div class=\"elementor-widget-wrap elementor-element-populated\">\n\t\t\t\t\t\t<div class=\"elementor-element elementor-element-cc124ba elementor-position-top elementor-widget elementor-widget-image-box\" data-id=\"cc124ba\" data-element_type=\"widget\" data-widget_type=\"image-box.default\">\n\t\t\t\t<div class=\"elementor-widget-container\">\n\t\t\t\t\t<div class=\"elementor-image-box-wrapper\"><figure class=\"elementor-image-box-img\"><a href=\"https:\/\/www.tfix.pl\/fupo-uchwyty-do-mocowania-przewodow-peszli\/\" tabindex=\"-1\"><img decoding=\"async\" width=\"150\" height=\"72\" src=\"https:\/\/www.tfix.pl\/wp-content\/uploads\/2021\/08\/FUPO.png\" class=\"attachment-thumbnail size-thumbnail wp-image-823\" alt=\"\" \/><\/a><\/figure><div class=\"elementor-image-box-content\"><h3 class=\"elementor-image-box-title\"><a href=\"https:\/\/www.tfix.pl\/fupo-uchwyty-do-mocowania-przewodow-peszli\/\">FUPO \u2013 uchwyty do mocowania przewod\u00f3w\/ peszli opaskami zaciskowymi<\/a><\/h3><\/div><\/div>\t\t\t\t<\/div>\n\t\t\t\t<\/div>\n\t\t\t\t\t<\/div>\n\t\t<\/div>\n\t\t\t\t<div class=\"elementor-column elementor-col-25 elementor-inner-column elementor-element elementor-element-c107490\" data-id=\"c107490\" data-element_type=\"column\">\n\t\t\t<div class=\"elementor-widget-wrap elementor-element-populated\">\n\t\t\t\t\t\t<div class=\"elementor-element elementor-element-6bd5aec elementor-position-top elementor-widget elementor-widget-image-box\" data-id=\"6bd5aec\" data-element_type=\"widget\" data-widget_type=\"image-box.default\">\n\t\t\t\t<div class=\"elementor-widget-container\">\n\t\t\t\t\t<div class=\"elementor-image-box-wrapper\"><figure class=\"elementor-image-box-img\"><a href=\"https:\/\/www.tfix.pl\/fsb-stalowe-tasmy-montazowe-w-rolkach\/\" tabindex=\"-1\"><img loading=\"lazy\" decoding=\"async\" width=\"150\" height=\"102\" src=\"https:\/\/www.tfix.pl\/wp-content\/uploads\/2021\/08\/FSB.png\" class=\"attachment-thumbnail size-thumbnail wp-image-828\" alt=\"\" \/><\/a><\/figure><div class=\"elementor-image-box-content\"><h3 class=\"elementor-image-box-title\"><a href=\"https:\/\/www.tfix.pl\/fsb-stalowe-tasmy-montazowe-w-rolkach\/\">FSB \u2013 stalowe ta\u015bmy monta\u017cowe w rolkach<\/a><\/h3><\/div><\/div>\t\t\t\t<\/div>\n\t\t\t\t<\/div>\n\t\t\t\t\t<\/div>\n\t\t<\/div>\n\t\t\t\t\t<\/div>\n\t\t<\/section>\n\t\t\t\t\t<\/div>\n\t\t<\/div>\n\t\t\t\t\t<\/div>\n\t\t<\/section>\n\t\t\t\t<section class=\"elementor-section elementor-top-section elementor-element elementor-element-34c01d6 elementor-section-boxed elementor-section-height-default elementor-section-height-default\" data-id=\"34c01d6\" data-element_type=\"section\">\n\t\t\t\t\t\t<div class=\"elementor-container elementor-column-gap-default\">\n\t\t\t\t\t<div class=\"elementor-column elementor-col-100 elementor-top-column elementor-element elementor-element-27f8cf6\" data-id=\"27f8cf6\" data-element_type=\"column\">\n\t\t\t<div class=\"elementor-widget-wrap elementor-element-populated\">\n\t\t\t\t\t\t<section class=\"elementor-section elementor-inner-section elementor-element elementor-element-919b4d0 elementor-section-boxed elementor-section-height-default elementor-section-height-default\" data-id=\"919b4d0\" data-element_type=\"section\">\n\t\t\t\t\t\t<div class=\"elementor-container elementor-column-gap-default\">\n\t\t\t\t\t<div class=\"elementor-column elementor-col-25 elementor-inner-column elementor-element elementor-element-1595d14\" data-id=\"1595d14\" data-element_type=\"column\">\n\t\t\t<div class=\"elementor-widget-wrap elementor-element-populated\">\n\t\t\t\t\t\t<div class=\"elementor-element elementor-element-f1b0aae elementor-position-top elementor-widget elementor-widget-image-box\" data-id=\"f1b0aae\" data-element_type=\"widget\" data-widget_type=\"image-box.default\">\n\t\t\t\t<div class=\"elementor-widget-container\">\n\t\t\t\t\t<div class=\"elementor-image-box-wrapper\"><figure class=\"elementor-image-box-img\"><a href=\"https:\/\/www.tfix.pl\/fzw-uchwyty-do-mocowania-przewodow-okraglych-w-betonie\/\" tabindex=\"-1\"><img loading=\"lazy\" decoding=\"async\" width=\"133\" height=\"150\" src=\"https:\/\/www.tfix.pl\/wp-content\/uploads\/2021\/08\/FZW.png\" class=\"attachment-thumbnail size-thumbnail wp-image-838\" alt=\"\" \/><\/a><\/figure><div class=\"elementor-image-box-content\"><h3 class=\"elementor-image-box-title\"><a href=\"https:\/\/www.tfix.pl\/fzw-uchwyty-do-mocowania-przewodow-okraglych-w-betonie\/\">FZW \u2013 uchwyty do mocowania przewod\u00f3w okr\u0105g\u0142ych w betonie<\/a><\/h3><\/div><\/div>\t\t\t\t<\/div>\n\t\t\t\t<\/div>\n\t\t\t\t\t<\/div>\n\t\t<\/div>\n\t\t\t\t<div class=\"elementor-column elementor-col-25 elementor-inner-column elementor-element elementor-element-8832c0d\" data-id=\"8832c0d\" data-element_type=\"column\">\n\t\t\t<div class=\"elementor-widget-wrap elementor-element-populated\">\n\t\t\t\t\t\t<div class=\"elementor-element elementor-element-ea6b872 elementor-position-top elementor-widget elementor-widget-image-box\" data-id=\"ea6b872\" data-element_type=\"widget\" data-widget_type=\"image-box.default\">\n\t\t\t\t<div class=\"elementor-widget-container\">\n\t\t\t\t\t<div class=\"elementor-image-box-wrapper\"><figure class=\"elementor-image-box-img\"><a href=\"https:\/\/www.tfix.pl\/fuh-uchwyty-hakowe-do-mocowania-przewodow-okraglych\/\" tabindex=\"-1\"><img loading=\"lazy\" decoding=\"async\" width=\"95\" height=\"150\" src=\"https:\/\/www.tfix.pl\/wp-content\/uploads\/2021\/08\/fuhs.png\" class=\"attachment-thumbnail size-thumbnail wp-image-1210\" alt=\"\" \/><\/a><\/figure><div class=\"elementor-image-box-content\"><h3 class=\"elementor-image-box-title\"><a href=\"https:\/\/www.tfix.pl\/fuh-uchwyty-hakowe-do-mocowania-przewodow-okraglych\/\">FUH \u2013 uchwyty hakowe do mocowania przewod\u00f3w okr\u0105g\u0142ych w betonie<\/a><\/h3><\/div><\/div>\t\t\t\t<\/div>\n\t\t\t\t<\/div>\n\t\t\t\t\t<\/div>\n\t\t<\/div>\n\t\t\t\t<div class=\"elementor-column elementor-col-25 elementor-inner-column elementor-element elementor-element-098664d\" data-id=\"098664d\" data-element_type=\"column\">\n\t\t\t<div class=\"elementor-widget-wrap elementor-element-populated\">\n\t\t\t\t\t\t<div class=\"elementor-element elementor-element-d0b51c6 elementor-position-top elementor-widget elementor-widget-image-box\" data-id=\"d0b51c6\" data-element_type=\"widget\" data-widget_type=\"image-box.default\">\n\t\t\t\t<div class=\"elementor-widget-container\">\n\t\t\t\t\t<div class=\"elementor-image-box-wrapper\"><figure class=\"elementor-image-box-img\"><a href=\"https:\/\/www.tfix.pl\/fzwp-uchwyty-do-mocowania-przewodow-plaskich-w-betonie\/\" tabindex=\"-1\"><img loading=\"lazy\" decoding=\"async\" width=\"101\" height=\"150\" src=\"https:\/\/www.tfix.pl\/wp-content\/uploads\/2021\/08\/FZWP-s.png\" class=\"attachment-thumbnail size-thumbnail wp-image-1211\" alt=\"\" \/><\/a><\/figure><div class=\"elementor-image-box-content\"><h3 class=\"elementor-image-box-title\"><a href=\"https:\/\/www.tfix.pl\/fzwp-uchwyty-do-mocowania-przewodow-plaskich-w-betonie\/\">FZWP \u2013 uchwyty do mocowania przewod\u00f3w p\u0142askich w betonie<\/a><\/h3><\/div><\/div>\t\t\t\t<\/div>\n\t\t\t\t<\/div>\n\t\t\t\t\t<\/div>\n\t\t<\/div>\n\t\t\t\t<div class=\"elementor-column elementor-col-25 elementor-inner-column elementor-element elementor-element-aa09ece\" data-id=\"aa09ece\" data-element_type=\"column\">\n\t\t\t<div class=\"elementor-widget-wrap elementor-element-populated\">\n\t\t\t\t\t\t<div class=\"elementor-element elementor-element-8692fbf elementor-position-top elementor-widget elementor-widget-image-box\" data-id=\"8692fbf\" data-element_type=\"widget\" data-widget_type=\"image-box.default\">\n\t\t\t\t<div class=\"elementor-widget-container\">\n\t\t\t\t\t<div class=\"elementor-image-box-wrapper\"><figure class=\"elementor-image-box-img\"><a href=\"https:\/\/www.tfix.pl\/fuhp-uchwyty-podwojne-do-mocowania-przewodow-plaskich-w-betonie\/\" tabindex=\"-1\"><img loading=\"lazy\" decoding=\"async\" width=\"133\" height=\"150\" src=\"https:\/\/www.tfix.pl\/wp-content\/uploads\/2021\/08\/FUHP-s.png\" class=\"attachment-thumbnail size-thumbnail wp-image-1212\" alt=\"\" \/><\/a><\/figure><div class=\"elementor-image-box-content\"><h3 class=\"elementor-image-box-title\"><a href=\"https:\/\/www.tfix.pl\/fuhp-uchwyty-podwojne-do-mocowania-przewodow-plaskich-w-betonie\/\">FUHP \u2013 uchwyty podw\u00f3jne do mocowania przewod\u00f3w p\u0142askich w betonie<\/a><\/h3><\/div><\/div>\t\t\t\t<\/div>\n\t\t\t\t<\/div>\n\t\t\t\t\t<\/div>\n\t\t<\/div>\n\t\t\t\t\t<\/div>\n\t\t<\/section>\n\t\t\t\t\t<\/div>\n\t\t<\/div>\n\t\t\t\t\t<\/div>\n\t\t<\/section>\n\t\t\t\t<section class=\"elementor-section elementor-top-section elementor-element elementor-element-46bec58 elementor-section-boxed elementor-section-height-default elementor-section-height-default\" data-id=\"46bec58\" data-element_type=\"section\">\n\t\t\t\t\t\t<div class=\"elementor-container elementor-column-gap-default\">\n\t\t\t\t\t<div class=\"elementor-column elementor-col-100 elementor-top-column elementor-element elementor-element-135b3af\" data-id=\"135b3af\" data-element_type=\"column\">\n\t\t\t<div class=\"elementor-widget-wrap elementor-element-populated\">\n\t\t\t\t\t\t<section class=\"elementor-section elementor-inner-section elementor-element elementor-element-3fec5ad elementor-section-boxed elementor-section-height-default elementor-section-height-default\" data-id=\"3fec5ad\" data-element_type=\"section\">\n\t\t\t\t\t\t<div class=\"elementor-container elementor-column-gap-default\">\n\t\t\t\t\t<div class=\"elementor-column elementor-col-25 elementor-inner-column elementor-element elementor-element-4e06d4c\" data-id=\"4e06d4c\" data-element_type=\"column\">\n\t\t\t<div class=\"elementor-widget-wrap elementor-element-populated\">\n\t\t\t\t\t\t<div class=\"elementor-element elementor-element-44c17c6 elementor-position-top elementor-widget elementor-widget-image-box\" data-id=\"44c17c6\" data-element_type=\"widget\" data-widget_type=\"image-box.default\">\n\t\t\t\t<div class=\"elementor-widget-container\">\n\t\t\t\t\t<div class=\"elementor-image-box-wrapper\"><figure class=\"elementor-image-box-img\"><a href=\"https:\/\/www.tfix.pl\/fse-uchwyty-hakowe-do-mocowania-przewodow-plaskich-okraglych-w\/\" tabindex=\"-1\"><img loading=\"lazy\" decoding=\"async\" width=\"88\" height=\"150\" src=\"https:\/\/www.tfix.pl\/wp-content\/uploads\/2021\/08\/FSE-s.png\" class=\"attachment-thumbnail size-thumbnail wp-image-1213\" alt=\"\" \/><\/a><\/figure><div class=\"elementor-image-box-content\"><h3 class=\"elementor-image-box-title\"><a href=\"https:\/\/www.tfix.pl\/fse-uchwyty-hakowe-do-mocowania-przewodow-plaskich-okraglych-w\/\">FSE \u2013 uchwyty hakowe do mocowania przewod\u00f3w p\u0142askich\/ okr\u0105g\u0142ych w Porothermie i betonie<\/a><\/h3><\/div><\/div>\t\t\t\t<\/div>\n\t\t\t\t<\/div>\n\t\t\t\t\t<\/div>\n\t\t<\/div>\n\t\t\t\t<div class=\"elementor-column elementor-col-25 elementor-inner-column elementor-element elementor-element-8b205d0\" data-id=\"8b205d0\" data-element_type=\"column\">\n\t\t\t<div class=\"elementor-widget-wrap elementor-element-populated\">\n\t\t\t\t\t\t<div class=\"elementor-element elementor-element-1db399a elementor-position-top elementor-widget elementor-widget-image-box\" data-id=\"1db399a\" data-element_type=\"widget\" data-widget_type=\"image-box.default\">\n\t\t\t\t<div class=\"elementor-widget-container\">\n\t\t\t\t\t<div class=\"elementor-image-box-wrapper\"><figure class=\"elementor-image-box-img\"><a href=\"https:\/\/www.tfix.pl\/fuhp-uchwyty-podwojne-do-mocowania-przewodow-plaskich-w-porothermie-i-betonie\/\" tabindex=\"-1\"><img loading=\"lazy\" decoding=\"async\" width=\"150\" height=\"133\" src=\"https:\/\/www.tfix.pl\/wp-content\/uploads\/2021\/08\/FUUHP-s.png\" class=\"attachment-thumbnail size-thumbnail wp-image-1214\" alt=\"\" \/><\/a><\/figure><div class=\"elementor-image-box-content\"><h3 class=\"elementor-image-box-title\"><a href=\"https:\/\/www.tfix.pl\/fuhp-uchwyty-podwojne-do-mocowania-przewodow-plaskich-w-porothermie-i-betonie\/\">FUHP \u2013 uchwyty podw\u00f3jne do mocowania przewod\u00f3w p\u0142askich w Porothermie i betonie<\/a><\/h3><\/div><\/div>\t\t\t\t<\/div>\n\t\t\t\t<\/div>\n\t\t\t\t\t<\/div>\n\t\t<\/div>\n\t\t\t\t<div class=\"elementor-column elementor-col-25 elementor-inner-column elementor-element elementor-element-20b5696\" data-id=\"20b5696\" data-element_type=\"column\">\n\t\t\t<div class=\"elementor-widget-wrap\">\n\t\t\t\t\t\t\t<\/div>\n\t\t<\/div>\n\t\t\t\t<div class=\"elementor-column elementor-col-25 elementor-inner-column elementor-element elementor-element-2b43a27\" data-id=\"2b43a27\" data-element_type=\"column\">\n\t\t\t<div class=\"elementor-widget-wrap\">\n\t\t\t\t\t\t\t<\/div>\n\t\t<\/div>\n\t\t\t\t\t<\/div>\n\t\t<\/section>\n\t\t\t\t\t<\/div>\n\t\t<\/div>\n\t\t\t\t\t<\/div>\n\t\t<\/section>\n\t\t\t\t<\/div>\n\t\t","protected":false},"excerpt":{"rendered":"<p>HFN \u2013 opaski zaciskowe FCTPH \u2013 ko\u0142ki do monta\u017cu przewod\u00f3w\/ peszli opaskami zaciskowymi FUPO \u2013 uchwyty do mocowania przewod\u00f3w\/ peszli opaskami zaciskowymi FSB \u2013 stalowe ta\u015bmy monta\u017cowe w rolkach FZW \u2013 uchwyty do mocowania przewod\u00f3w okr\u0105g\u0142ych w betonie FUH \u2013 uchwyty hakowe do mocowania przewod\u00f3w okr\u0105g\u0142ych w betonie FZWP \u2013 [&hellip;]<\/p>\n","protected":false},"author":1,"featured_media":0,"parent":0,"menu_order":0,"comment_status":"closed","ping_status":"closed","template":"page-templates\/template-fullwidth.php","meta":{"footnotes":""},"folder":[26],"class_list":["post-253","page","type-page","status-publish","hentry"],"_links":{"self":[{"href":"https:\/\/www.tfix.pl\/pl\/wp-json\/wp\/v2\/pages\/253","targetHints":{"allow":["GET"]}}],"collection":[{"href":"https:\/\/www.tfix.pl\/pl\/wp-json\/wp\/v2\/pages"}],"about":[{"href":"https:\/\/www.tfix.pl\/pl\/wp-json\/wp\/v2\/types\/page"}],"author":[{"embeddable":true,"href":"https:\/\/www.tfix.pl\/pl\/wp-json\/wp\/v2\/users\/1"}],"replies":[{"embeddable":true,"href":"https:\/\/www.tfix.pl\/pl\/wp-json\/wp\/v2\/comments?post=253"}],"version-history":[{"count":7,"href":"https:\/\/www.tfix.pl\/pl\/wp-json\/wp\/v2\/pages\/253\/revisions"}],"predecessor-version":[{"id":1347,"href":"https:\/\/www.tfix.pl\/pl\/wp-json\/wp\/v2\/pages\/253\/revisions\/1347"}],"wp:attachment":[{"href":"https:\/\/www.tfix.pl\/pl\/wp-json\/wp\/v2\/media?parent=253"}],"wp:term":[{"taxonomy":"folder","embeddable":true,"href":"https:\/\/www.tfix.pl\/pl\/wp-json\/wp\/v2\/folder?post=253"}],"curies":[{"name":"wp","href":"https:\/\/api.w.org\/{rel}","templated":true}]}}