{"id":528,"date":"2021-07-30T14:59:46","date_gmt":"2021-07-30T14:59:46","guid":{"rendered":"http:\/\/localhost\/wordpress\/?page_id=528"},"modified":"2021-07-30T17:00:54","modified_gmt":"2021-07-30T17:00:54","slug":"fcr-410v-pro","status":"publish","type":"page","link":"https:\/\/www.tfix.pl\/pl\/fcr-410v-pro\/","title":{"rendered":"FCR 410V PRO \u2013 PROFESJONALNA \u017bYWICA, do najwy\u017cszych obci\u0105\u017ce\u0144"},"content":{"rendered":"\t\t<div data-elementor-type=\"wp-page\" data-elementor-id=\"528\" class=\"elementor elementor-528\">\n\t\t\t\t\t\t<section class=\"elementor-section elementor-top-section elementor-element elementor-element-8aadcab elementor-section-boxed elementor-section-height-default elementor-section-height-default\" data-id=\"8aadcab\" data-element_type=\"section\">\n\t\t\t\t\t\t<div class=\"elementor-container elementor-column-gap-default\">\n\t\t\t\t\t<div class=\"elementor-column elementor-col-50 elementor-top-column elementor-element elementor-element-fd61022\" data-id=\"fd61022\" data-element_type=\"column\">\n\t\t\t<div class=\"elementor-widget-wrap elementor-element-populated\">\n\t\t\t\t\t\t<div class=\"elementor-element elementor-element-83c9ab3 elementor-widget elementor-widget-image\" data-id=\"83c9ab3\" data-element_type=\"widget\" data-widget_type=\"image.default\">\n\t\t\t\t<div class=\"elementor-widget-container\">\n\t\t\t\t\t\t\t\t\t\t\t\t\t\t\t<img fetchpriority=\"high\" decoding=\"async\" width=\"563\" height=\"634\" src=\"https:\/\/www.tfix.pl\/wp-content\/uploads\/2021\/07\/FCR410VPRO.png\" class=\"attachment-large size-large wp-image-557\" alt=\"\" \/>\t\t\t\t\t\t\t\t\t\t\t\t\t\t\t<\/div>\n\t\t\t\t<\/div>\n\t\t\t\t<div class=\"elementor-element elementor-element-64cd9e2 elementor-widget elementor-widget-text-editor\" data-id=\"64cd9e2\" data-element_type=\"widget\" data-widget_type=\"text-editor.default\">\n\t\t\t\t<div class=\"elementor-widget-container\">\n\t\t\t\t\t\t\t\t\t<b>Materia\u0142 pr\u0119ta kotwy:<\/b><br>\n<ul>\n<li>\nPr\u0119ty zbrojeniowe, proste i rozwijane\n<\/li>\n<li>\nPr\u0119ty gwintowane ze stali w\u0119glowej klasy: 4.6, 5.8, 8.8, 10.9\n<\/li>\n<li>Pr\u0119ty gwintowane nierdzewne A2-70, A4-70, A4-80\n<\/li>\n<li>Pr\u0119ty gwintowane trudnordzewiej\u0105ce 1.4529, 1.4565\n<\/li>\n<\/ul>\t\t\t\t\t\t\t\t<\/div>\n\t\t\t\t<\/div>\n\t\t\t\t\t<\/div>\n\t\t<\/div>\n\t\t\t\t<div class=\"elementor-column elementor-col-50 elementor-top-column elementor-element elementor-element-7d09ca1\" data-id=\"7d09ca1\" data-element_type=\"column\">\n\t\t\t<div class=\"elementor-widget-wrap elementor-element-populated\">\n\t\t\t\t\t\t<div class=\"elementor-element elementor-element-6583e5c elementor-widget elementor-widget-text-editor\" data-id=\"6583e5c\" data-element_type=\"widget\" data-widget_type=\"text-editor.default\">\n\t\t\t\t<div class=\"elementor-widget-container\">\n\t\t\t\t\t\t\t\t\tHybrydowa \u017cywica o najwy\u017cszych parametrach wytrzyma\u0142o\u015bciowych, \nzapewniaj\u0105ca doskona\u0142e no\u015bno\u015bci oraz wysokie bezpiecze\u0144stwo \nkotwienia w betonie i kamieniu.<br>\n<b>Zastosowania:<\/b>\n<ul>\n<li>Wklejanie pr\u0119t\u00f3w zbrojeniowych, s\u0142up\u00f3w no\u015bnych i strop\u00f3w,<\/li>\n<li> Kotwienie s\u0142up\u00f3w no\u015bnych w konstrukcjach hal szkieletowych, <\/li>\n<li>Zakotwienia w budownictwie morskim (nabrze\u017ca), <\/li>\n<li> Odpowiedzialne zamocowania w budownictwie mostowym, \ntunelowym i drogownictwie jak: podpory, ci\u0119gna, bariery itp., <\/li>\n<li> Kotwienie maszyn i urz\u0105dze\u0144 w przemy\u015ble; przeno\u015bnik\u00f3w, \npodno\u015bnik\u00f3w, suwnic itp. nara\u017conych na wibracje i udary.<\/li>\n<\/ul>\n<b>Zalety:<\/b>\n<ul>\n<li> Zmienia kolor z niebieskiego na szary po zako\u0144czeniu \u017celowania \n(od tej chwili liczymy czas do osi\u0105gni\u0119cia pe\u0142nej no\u015bno\u015bci),<\/li>\n<li>Przenoszenie najwy\u017cszych obci\u0105\u017ce\u0144 w betonie sp\u0119kanym \ni niesp\u0119kanym (kotwienie instalacji w stropach gara\u017cy, tuneli itp.),<\/li>\n<li> Zmniejszone zu\u017cycie \u017cywicy (do 30% w zale\u017cno\u015bci od \u015brednicy),<\/li>\n<li> Odporna na udary i wstrz\u0105sy sejsmiczne klasy C1,<\/li>\n<li> Dopuszczenie do stosowania z wod\u0105 pitn\u0105 \u2013 certyfikat WRAS,<\/li>\n<li> Po utwardzeniu nie wchodzi w reakcj\u0119 z substancjami \nchemicznymi i wod\u0105 (agresywne \u015brodowiska przemys\u0142owe \njak oczyszczalnie \u015bciek\u00f3w i nadmorskie),<\/li>\n<li> Odporno\u015b\u0107 ogniowa 120min umo\u017cliwia kotwienie w strefach \npo\u017carowych np. gara\u017cach podziemnych,<\/li>\n<li> Szybkie \u017celowanie i utwardzanie w niskich temperaturach,<\/li>\n<li> Monta\u017c w suchym i mokrym betonie oraz pod wod\u0105<\/li>\n<li> Odporna na dzia\u0142anie wody morskiej. Kotwienie element\u00f3w \nkonstrukcyjnych i urz\u0105dze\u0144 mocowanych nad lub pod \npowierzchni\u0105 morza oraz takich, kt\u00f3re s\u0105 nara\u017cone na \nzachlapanie wod\u0105 morsk\u0105 w trakcie instalacji.<\/li>\n<\/ul>\t\t\t\t\t\t\t\t<\/div>\n\t\t\t\t<\/div>\n\t\t\t\t\t<\/div>\n\t\t<\/div>\n\t\t\t\t\t<\/div>\n\t\t<\/section>\n\t\t\t\t<section class=\"elementor-section elementor-top-section elementor-element elementor-element-1c85b30 elementor-section-boxed elementor-section-height-default elementor-section-height-default\" data-id=\"1c85b30\" data-element_type=\"section\">\n\t\t\t\t\t\t<div class=\"elementor-container elementor-column-gap-default\">\n\t\t\t\t\t<div class=\"elementor-column elementor-col-100 elementor-top-column elementor-element elementor-element-d4d41a2\" data-id=\"d4d41a2\" data-element_type=\"column\">\n\t\t\t<div class=\"elementor-widget-wrap elementor-element-populated\">\n\t\t\t\t\t\t<div class=\"elementor-element elementor-element-a1b712d elementor-widget elementor-widget-image\" data-id=\"a1b712d\" data-element_type=\"widget\" data-widget_type=\"image.default\">\n\t\t\t\t<div class=\"elementor-widget-container\">\n\t\t\t\t\t\t\t\t\t\t\t\t\t\t\t<img decoding=\"async\" width=\"750\" height=\"240\" src=\"https:\/\/www.tfix.pl\/wp-content\/uploads\/2021\/07\/FCR410VPROt.png\" class=\"attachment-large size-large wp-image-558\" alt=\"\" \/>\t\t\t\t\t\t\t\t\t\t\t\t\t\t\t<\/div>\n\t\t\t\t<\/div>\n\t\t\t\t\t<\/div>\n\t\t<\/div>\n\t\t\t\t\t<\/div>\n\t\t<\/section>\n\t\t\t\t<section class=\"elementor-section elementor-top-section elementor-element elementor-element-e6de6a6 elementor-section-boxed elementor-section-height-default elementor-section-height-default\" data-id=\"e6de6a6\" data-element_type=\"section\">\n\t\t\t\t\t\t<div class=\"elementor-container elementor-column-gap-default\">\n\t\t\t\t\t<div class=\"elementor-column elementor-col-100 elementor-top-column elementor-element elementor-element-934b56d\" data-id=\"934b56d\" data-element_type=\"column\">\n\t\t\t<div class=\"elementor-widget-wrap\">\n\t\t\t\t\t\t\t<\/div>\n\t\t<\/div>\n\t\t\t\t\t<\/div>\n\t\t<\/section>\n\t\t\t\t<\/div>\n\t\t","protected":false},"excerpt":{"rendered":"<p>Materia\u0142 pr\u0119ta kotwy: Pr\u0119ty zbrojeniowe, proste i rozwijane Pr\u0119ty gwintowane ze stali w\u0119glowej klasy: 4.6, 5.8, 8.8, 10.9 Pr\u0119ty gwintowane nierdzewne A2-70, A4-70, A4-80 Pr\u0119ty gwintowane trudnordzewiej\u0105ce 1.4529, 1.4565 Hybrydowa \u017cywica o najwy\u017cszych parametrach wytrzyma\u0142o\u015bciowych, zapewniaj\u0105ca doskona\u0142e no\u015bno\u015bci oraz wysokie bezpiecze\u0144stwo kotwienia w betonie i kamieniu. Zastosowania: Wklejanie pr\u0119t\u00f3w zbrojeniowych, [&hellip;]<\/p>\n","protected":false},"author":1,"featured_media":0,"parent":0,"menu_order":0,"comment_status":"closed","ping_status":"closed","template":"page-templates\/template-fullwidth.php","meta":{"footnotes":""},"folder":[11],"class_list":["post-528","page","type-page","status-publish","hentry"],"_links":{"self":[{"href":"https:\/\/www.tfix.pl\/pl\/wp-json\/wp\/v2\/pages\/528","targetHints":{"allow":["GET"]}}],"collection":[{"href":"https:\/\/www.tfix.pl\/pl\/wp-json\/wp\/v2\/pages"}],"about":[{"href":"https:\/\/www.tfix.pl\/pl\/wp-json\/wp\/v2\/types\/page"}],"author":[{"embeddable":true,"href":"https:\/\/www.tfix.pl\/pl\/wp-json\/wp\/v2\/users\/1"}],"replies":[{"embeddable":true,"href":"https:\/\/www.tfix.pl\/pl\/wp-json\/wp\/v2\/comments?post=528"}],"version-history":[{"count":4,"href":"https:\/\/www.tfix.pl\/pl\/wp-json\/wp\/v2\/pages\/528\/revisions"}],"predecessor-version":[{"id":561,"href":"https:\/\/www.tfix.pl\/pl\/wp-json\/wp\/v2\/pages\/528\/revisions\/561"}],"wp:attachment":[{"href":"https:\/\/www.tfix.pl\/pl\/wp-json\/wp\/v2\/media?parent=528"}],"wp:term":[{"taxonomy":"folder","embeddable":true,"href":"https:\/\/www.tfix.pl\/pl\/wp-json\/wp\/v2\/folder?post=528"}],"curies":[{"name":"wp","href":"https:\/\/api.w.org\/{rel}","templated":true}]}}