{"id":530,"date":"2021-07-30T15:00:09","date_gmt":"2021-07-30T15:00:09","guid":{"rendered":"http:\/\/localhost\/wordpress\/?page_id=530"},"modified":"2022-08-07T17:37:57","modified_gmt":"2022-08-07T16:37:57","slug":"fcr-585re-zywica-epoksydowa-31-do-najwyzszych-obciazen","status":"publish","type":"page","link":"https:\/\/www.tfix.pl\/pl\/fcr-585re-zywica-epoksydowa-31-do-najwyzszych-obciazen\/","title":{"rendered":"FCR 585RE \u2013 \u017bYWICA EPOKSYDOWA 3:1 do najwy\u017cszych obci\u0105\u017ce\u0144"},"content":{"rendered":"\t\t<div data-elementor-type=\"wp-page\" data-elementor-id=\"530\" class=\"elementor elementor-530\">\n\t\t\t\t\t\t<section class=\"elementor-section elementor-top-section elementor-element elementor-element-e37480c elementor-section-boxed elementor-section-height-default elementor-section-height-default\" data-id=\"e37480c\" data-element_type=\"section\">\n\t\t\t\t\t\t<div class=\"elementor-container elementor-column-gap-default\">\n\t\t\t\t\t<div class=\"elementor-column elementor-col-50 elementor-top-column elementor-element elementor-element-1191e59\" data-id=\"1191e59\" data-element_type=\"column\">\n\t\t\t<div class=\"elementor-widget-wrap elementor-element-populated\">\n\t\t\t\t\t\t<div class=\"elementor-element elementor-element-734bdca elementor-widget elementor-widget-image\" data-id=\"734bdca\" data-element_type=\"widget\" data-widget_type=\"image.default\">\n\t\t\t\t<div class=\"elementor-widget-container\">\n\t\t\t\t\t\t\t\t\t\t\t\t\t\t\t<img fetchpriority=\"high\" decoding=\"async\" width=\"514\" height=\"573\" src=\"https:\/\/www.tfix.pl\/wp-content\/uploads\/2021\/07\/FCR585RE.png\" class=\"attachment-large size-large wp-image-563\" alt=\"\" \/>\t\t\t\t\t\t\t\t\t\t\t\t\t\t\t<\/div>\n\t\t\t\t<\/div>\n\t\t\t\t<div class=\"elementor-element elementor-element-267fb1e elementor-widget elementor-widget-text-editor\" data-id=\"267fb1e\" data-element_type=\"widget\" data-widget_type=\"text-editor.default\">\n\t\t\t\t<div class=\"elementor-widget-container\">\n\t\t\t\t\t\t\t\t\t<b>Materia\u0142 pr\u0119ta kotwy:<\/b>\n<ul>\n \t<li>Pr\u0119ty zbrojeniowe, proste i rozwijane<\/li>\n \t<li> Pr\u0119ty gwintowane ze stali w\u0119glowej klasy: 4.6, 5.8, 8.8, 10.9<\/li>\n \t<li> Pr\u0119ty gwintowane nierdzewne A2-70, A4-70, A4-80<\/li>\n \t<li>Pr\u0119ty gwintowane trudnordzewiej\u0105ce 1.4529, 1.4565<\/li>\n<\/ul>\t\t\t\t\t\t\t\t<\/div>\n\t\t\t\t<\/div>\n\t\t\t\t\t<\/div>\n\t\t<\/div>\n\t\t\t\t<div class=\"elementor-column elementor-col-50 elementor-top-column elementor-element elementor-element-3059eb8\" data-id=\"3059eb8\" data-element_type=\"column\">\n\t\t\t<div class=\"elementor-widget-wrap elementor-element-populated\">\n\t\t\t\t\t\t<div class=\"elementor-element elementor-element-98cf35b elementor-widget elementor-widget-text-editor\" data-id=\"98cf35b\" data-element_type=\"widget\" data-widget_type=\"text-editor.default\">\n\t\t\t\t<div class=\"elementor-widget-container\">\n\t\t\t\t\t\t\t\t\t\u017bywica epoksydowa o najwy\u017cszych parametrach wytrzyma\u0142o\u015bciowych zapewniaj\u0105ca bezkompromisowe bezpiecze\u0144stwo kotwienia.\n<br>\n<b>Zastosowania:<\/b>\n<ul>\n \t<li>Wklejanie zbroje\u0144 s\u0142up\u00f3w no\u015bnych oraz zbroje\u0144 strop\u00f3w,<\/li>\n \t<li>Kotwienie stalowych s\u0142up\u00f3w konstrukcji hal szkieletowych<\/li>\n \t<li>Zakotwienia w budownictwie morskim (nabrze\u017ca),<\/li>\n \t<li>Odpowiedzialne zamocowania w budownictwie mostowym, tunelowym i drogownictwie jak: podpory, ci\u0119gna, bariery itp.,<\/li>\n \t<li>Kotwienie maszyn i urz\u0105dze\u0144 w przemy\u015ble; przeno\u015bnik\u00f3w, podno\u015bnik\u00f3w, suwnic itp. nara\u017conych na wibracje i udary.<\/li>\n<\/ul>\n<b>Zalety:<\/b>\n<ul>\n \t<li>Przenoszenie najwy\u017cszych obci\u0105\u017ce\u0144 w betonie sp\u0119kanym i niesp\u0119kanym (kotwienie instalacji w stropach gara\u017cy, tuneli itp.),<\/li>\n \t<li>Odporna na udary i wstrz\u0105sy sejsmiczne klasy C1 i C2,<\/li>\n \t<li>Odporno\u015b\u0107 ogniowa 240min umo\u017cliwia kotwienie w strefach po\u017carowych np. gara\u017cach podziemnych, budynkach publicznych,<\/li>\n \t<li>Dopuszczenie do stosowania z wod\u0105 pitn\u0105 \u2013 certyfikat WRAS<\/li>\n \t<li>Po utwardzeniu nie wchodzi w reakcj\u0119 z substancjami chemicznymi\ni wod\u0105 (agresywne \u015brodowiska przemys\u0142owe jak oczyszczalnie \u015bciek\u00f3w i nadmorskie),<\/li>\n \t<li>Monta\u017c w suchym i mokrym betonie oraz pod wod\u0105,<\/li>\n \t<li>Zmniejszone zu\u017cycie \u017cywicy (do 30% w zale\u017cno\u015bci od \u015brednicy),<\/li>\n \t<li>Wyd\u0142u\u017cony czas \u017celowania umo\u017cliwia g\u0142\u0119bokie kotwienie pr\u0119t\u00f3w zbrojeniowych i gwintowanych,<\/li>\n \t<li>Najwy\u017csza odporno\u015b\u0107 na starzenie (spadek no\u015bno\u015bci)<\/li>\n \t<li>Kotwienie w otworach wierconych technik\u0105 diamentow\u0105.<\/li>\n \t<li>Odporna na dzia\u0142anie wody morskiej. Kotwienie element\u00f3w konstrukcyjnych i urz\u0105dze\u0144 mocowanych nad lub pod powierzchni\u0105 morza oraz takich, kt\u00f3re s\u0105 nara\u017cone na zachlapanie wod\u0105 morsk\u0105 w trakcie instalacji.<\/li>\n<\/ul>\t\t\t\t\t\t\t\t<\/div>\n\t\t\t\t<\/div>\n\t\t\t\t\t<\/div>\n\t\t<\/div>\n\t\t\t\t\t<\/div>\n\t\t<\/section>\n\t\t\t\t<section class=\"elementor-section elementor-top-section elementor-element elementor-element-bc07a6a elementor-section-boxed elementor-section-height-default elementor-section-height-default\" data-id=\"bc07a6a\" data-element_type=\"section\">\n\t\t\t\t\t\t<div class=\"elementor-container elementor-column-gap-default\">\n\t\t\t\t\t<div class=\"elementor-column elementor-col-100 elementor-top-column elementor-element elementor-element-3585f82\" data-id=\"3585f82\" data-element_type=\"column\">\n\t\t\t<div class=\"elementor-widget-wrap elementor-element-populated\">\n\t\t\t\t\t\t<div class=\"elementor-element elementor-element-8118361 elementor-widget elementor-widget-image\" data-id=\"8118361\" data-element_type=\"widget\" data-widget_type=\"image.default\">\n\t\t\t\t<div class=\"elementor-widget-container\">\n\t\t\t\t\t\t\t\t\t\t\t\t\t\t\t<img decoding=\"async\" width=\"750\" height=\"217\" src=\"https:\/\/www.tfix.pl\/wp-content\/uploads\/2021\/07\/FCR585REt.png\" class=\"attachment-large size-large wp-image-564\" alt=\"\" \/>\t\t\t\t\t\t\t\t\t\t\t\t\t\t\t<\/div>\n\t\t\t\t<\/div>\n\t\t\t\t\t<\/div>\n\t\t<\/div>\n\t\t\t\t\t<\/div>\n\t\t<\/section>\n\t\t\t\t<\/div>\n\t\t","protected":false},"excerpt":{"rendered":"<p>Materia\u0142 pr\u0119ta kotwy: Pr\u0119ty zbrojeniowe, proste i rozwijane Pr\u0119ty gwintowane ze stali w\u0119glowej klasy: 4.6, 5.8, 8.8, 10.9 Pr\u0119ty gwintowane nierdzewne A2-70, A4-70, A4-80 Pr\u0119ty gwintowane trudnordzewiej\u0105ce 1.4529, 1.4565 \u017bywica epoksydowa o najwy\u017cszych parametrach wytrzyma\u0142o\u015bciowych zapewniaj\u0105ca bezkompromisowe bezpiecze\u0144stwo kotwienia. Zastosowania: Wklejanie zbroje\u0144 s\u0142up\u00f3w no\u015bnych oraz zbroje\u0144 strop\u00f3w, Kotwienie stalowych s\u0142up\u00f3w [&hellip;]<\/p>\n","protected":false},"author":1,"featured_media":0,"parent":0,"menu_order":0,"comment_status":"closed","ping_status":"closed","template":"page-templates\/template-fullwidth.php","meta":{"footnotes":""},"folder":[11],"class_list":["post-530","page","type-page","status-publish","hentry"],"_links":{"self":[{"href":"https:\/\/www.tfix.pl\/pl\/wp-json\/wp\/v2\/pages\/530","targetHints":{"allow":["GET"]}}],"collection":[{"href":"https:\/\/www.tfix.pl\/pl\/wp-json\/wp\/v2\/pages"}],"about":[{"href":"https:\/\/www.tfix.pl\/pl\/wp-json\/wp\/v2\/types\/page"}],"author":[{"embeddable":true,"href":"https:\/\/www.tfix.pl\/pl\/wp-json\/wp\/v2\/users\/1"}],"replies":[{"embeddable":true,"href":"https:\/\/www.tfix.pl\/pl\/wp-json\/wp\/v2\/comments?post=530"}],"version-history":[{"count":22,"href":"https:\/\/www.tfix.pl\/pl\/wp-json\/wp\/v2\/pages\/530\/revisions"}],"predecessor-version":[{"id":2428,"href":"https:\/\/www.tfix.pl\/pl\/wp-json\/wp\/v2\/pages\/530\/revisions\/2428"}],"wp:attachment":[{"href":"https:\/\/www.tfix.pl\/pl\/wp-json\/wp\/v2\/media?parent=530"}],"wp:term":[{"taxonomy":"folder","embeddable":true,"href":"https:\/\/www.tfix.pl\/pl\/wp-json\/wp\/v2\/folder?post=530"}],"curies":[{"name":"wp","href":"https:\/\/api.w.org\/{rel}","templated":true}]}}