{"id":532,"date":"2021-07-30T15:00:38","date_gmt":"2021-07-30T15:00:38","guid":{"rendered":"http:\/\/localhost\/wordpress\/?page_id=532"},"modified":"2021-07-30T17:43:43","modified_gmt":"2021-07-30T17:43:43","slug":"fcr-fix-ekonomiczna-zywica-do-betonu","status":"publish","type":"page","link":"https:\/\/www.tfix.pl\/pl\/fcr-fix-ekonomiczna-zywica-do-betonu\/","title":{"rendered":"FCR \u2026FIX \u2013 EKONOMICZNA \u017bYWICA, do betonu"},"content":{"rendered":"\t\t<div data-elementor-type=\"wp-page\" data-elementor-id=\"532\" class=\"elementor elementor-532\">\n\t\t\t\t\t\t<section class=\"elementor-section elementor-top-section elementor-element elementor-element-ad51427 elementor-section-boxed elementor-section-height-default elementor-section-height-default\" data-id=\"ad51427\" data-element_type=\"section\">\n\t\t\t\t\t\t<div class=\"elementor-container elementor-column-gap-default\">\n\t\t\t\t\t<div class=\"elementor-column elementor-col-50 elementor-top-column elementor-element elementor-element-78ab39b\" data-id=\"78ab39b\" data-element_type=\"column\">\n\t\t\t<div class=\"elementor-widget-wrap elementor-element-populated\">\n\t\t\t\t\t\t<div class=\"elementor-element elementor-element-b2347e5 elementor-widget elementor-widget-image\" data-id=\"b2347e5\" data-element_type=\"widget\" data-widget_type=\"image.default\">\n\t\t\t\t<div class=\"elementor-widget-container\">\n\t\t\t\t\t\t\t\t\t\t\t\t\t\t\t<img fetchpriority=\"high\" decoding=\"async\" width=\"356\" height=\"551\" src=\"https:\/\/www.tfix.pl\/wp-content\/uploads\/2021\/07\/FCRFIX.png\" class=\"attachment-large size-large wp-image-570\" alt=\"\" \/>\t\t\t\t\t\t\t\t\t\t\t\t\t\t\t<\/div>\n\t\t\t\t<\/div>\n\t\t\t\t<div class=\"elementor-element elementor-element-74c585f elementor-widget elementor-widget-text-editor\" data-id=\"74c585f\" data-element_type=\"widget\" data-widget_type=\"text-editor.default\">\n\t\t\t\t<div class=\"elementor-widget-container\">\n\t\t\t\t\t\t\t\t\t<b>Materia\u0142 pr\u0119ta kotwy:<\/b>\n<ul>\n<li> Pr\u0119ty gwintowane ze stali w\u0119glowej klasy: 4.6, 5.8, 8.8, 10.9<\/li>\n<li> Pr\u0119ty gwintowane nierdzewne A2-70, A4-70, A4-80<\/li>\n<li> Pr\u0119ty gwintowane trudnordzewiej\u0105ce 1.4529, 1.4565<\/li>\n<\/ul>\t\t\t\t\t\t\t\t<\/div>\n\t\t\t\t<\/div>\n\t\t\t\t\t<\/div>\n\t\t<\/div>\n\t\t\t\t<div class=\"elementor-column elementor-col-50 elementor-top-column elementor-element elementor-element-e7607a6\" data-id=\"e7607a6\" data-element_type=\"column\">\n\t\t\t<div class=\"elementor-widget-wrap elementor-element-populated\">\n\t\t\t\t\t\t<div class=\"elementor-element elementor-element-6f94167 elementor-widget elementor-widget-text-editor\" data-id=\"6f94167\" data-element_type=\"widget\" data-widget_type=\"text-editor.default\">\n\t\t\t\t<div class=\"elementor-widget-container\">\n\t\t\t\t\t\t\t\t\tEkonomiczna \u017cywica o wysokich parametrach wytrzyma\u0142o\u015bciowych \numo\u017cliwiaj\u0105ca kotwienie w betonie za pomoc\u0105 pr\u0119t\u00f3w \ngwintowanych\n<\/br>\n<b>Zastosowania:<\/b>\n<ul>\n<li> Kotwienie lekkich konstrukcji wsporczych, daszk\u00f3w, urz\u0105dze\u0144, \nbarierek, por\u0119czy, s\u0142upk\u00f3w ogrodzeniowych, bram wjazdowych \ni drzwi gara\u017cowych,<\/li>\n<li> Naprawa betonu \u2013 wype\u0142nianie p\u0119kni\u0119\u0107, oraz uzupe\u0142nienie \nubytk\u00f3w zniszczonej powierzchni. <\/li>\n<\/ul>\n<b>Zalety:<\/b>\n<ul>\n<li>Mocna i wytrzyma\u0142a \u017cywica w atrakcyjnej cenie,<\/li>\n<li> Nie zawiera styrenu,<\/li>\n<li>Szybkie \u017celowanie i utwardzanie,<\/li>\n<li>Monta\u017c w suchym i mokrym betonie.<\/li>\n<\/ul>\t\t\t\t\t\t\t\t<\/div>\n\t\t\t\t<\/div>\n\t\t\t\t\t<\/div>\n\t\t<\/div>\n\t\t\t\t\t<\/div>\n\t\t<\/section>\n\t\t\t\t<section class=\"elementor-section elementor-top-section elementor-element elementor-element-3255b7d elementor-section-boxed elementor-section-height-default elementor-section-height-default\" data-id=\"3255b7d\" data-element_type=\"section\">\n\t\t\t\t\t\t<div class=\"elementor-container elementor-column-gap-default\">\n\t\t\t\t\t<div class=\"elementor-column elementor-col-100 elementor-top-column elementor-element elementor-element-bfc9a1c\" data-id=\"bfc9a1c\" data-element_type=\"column\">\n\t\t\t<div class=\"elementor-widget-wrap elementor-element-populated\">\n\t\t\t\t\t\t<div class=\"elementor-element elementor-element-22fa660 elementor-widget elementor-widget-image\" data-id=\"22fa660\" data-element_type=\"widget\" data-widget_type=\"image.default\">\n\t\t\t\t<div class=\"elementor-widget-container\">\n\t\t\t\t\t\t\t\t\t\t\t\t\t\t\t<img decoding=\"async\" width=\"750\" height=\"249\" src=\"https:\/\/www.tfix.pl\/wp-content\/uploads\/2021\/07\/FCRFIXt.png\" class=\"attachment-large size-large wp-image-569\" alt=\"\" \/>\t\t\t\t\t\t\t\t\t\t\t\t\t\t\t<\/div>\n\t\t\t\t<\/div>\n\t\t\t\t\t<\/div>\n\t\t<\/div>\n\t\t\t\t\t<\/div>\n\t\t<\/section>\n\t\t\t\t<\/div>\n\t\t","protected":false},"excerpt":{"rendered":"<p>Materia\u0142 pr\u0119ta kotwy: Pr\u0119ty gwintowane ze stali w\u0119glowej klasy: 4.6, 5.8, 8.8, 10.9 Pr\u0119ty gwintowane nierdzewne A2-70, A4-70, A4-80 Pr\u0119ty gwintowane trudnordzewiej\u0105ce 1.4529, 1.4565 Ekonomiczna \u017cywica o wysokich parametrach wytrzyma\u0142o\u015bciowych umo\u017cliwiaj\u0105ca kotwienie w betonie za pomoc\u0105 pr\u0119t\u00f3w gwintowanych Zastosowania: Kotwienie lekkich konstrukcji wsporczych, daszk\u00f3w, urz\u0105dze\u0144, barierek, por\u0119czy, s\u0142upk\u00f3w ogrodzeniowych, bram [&hellip;]<\/p>\n","protected":false},"author":1,"featured_media":0,"parent":0,"menu_order":0,"comment_status":"closed","ping_status":"closed","template":"page-templates\/template-fullwidth.php","meta":{"footnotes":""},"folder":[11],"class_list":["post-532","page","type-page","status-publish","hentry"],"_links":{"self":[{"href":"https:\/\/www.tfix.pl\/pl\/wp-json\/wp\/v2\/pages\/532","targetHints":{"allow":["GET"]}}],"collection":[{"href":"https:\/\/www.tfix.pl\/pl\/wp-json\/wp\/v2\/pages"}],"about":[{"href":"https:\/\/www.tfix.pl\/pl\/wp-json\/wp\/v2\/types\/page"}],"author":[{"embeddable":true,"href":"https:\/\/www.tfix.pl\/pl\/wp-json\/wp\/v2\/users\/1"}],"replies":[{"embeddable":true,"href":"https:\/\/www.tfix.pl\/pl\/wp-json\/wp\/v2\/comments?post=532"}],"version-history":[{"count":5,"href":"https:\/\/www.tfix.pl\/pl\/wp-json\/wp\/v2\/pages\/532\/revisions"}],"predecessor-version":[{"id":575,"href":"https:\/\/www.tfix.pl\/pl\/wp-json\/wp\/v2\/pages\/532\/revisions\/575"}],"wp:attachment":[{"href":"https:\/\/www.tfix.pl\/pl\/wp-json\/wp\/v2\/media?parent=532"}],"wp:term":[{"taxonomy":"folder","embeddable":true,"href":"https:\/\/www.tfix.pl\/pl\/wp-json\/wp\/v2\/folder?post=532"}],"curies":[{"name":"wp","href":"https:\/\/api.w.org\/{rel}","templated":true}]}}