{"id":534,"date":"2021-07-30T15:00:55","date_gmt":"2021-07-30T15:00:55","guid":{"rendered":"http:\/\/localhost\/wordpress\/?page_id=534"},"modified":"2021-07-30T18:33:58","modified_gmt":"2021-07-30T18:33:58","slug":"fcr-mv-bezpieczna-zywica-do-wysokich-obciazen-w-wiekszosci-podlozy-budowlanych","status":"publish","type":"page","link":"https:\/\/www.tfix.pl\/pl\/fcr-mv-bezpieczna-zywica-do-wysokich-obciazen-w-wiekszosci-podlozy-budowlanych\/","title":{"rendered":"FCR \u2026MV \u2013 BEZPIECZNA \u017bYWICA, do wysokich obci\u0105\u017ce\u0144 w wi\u0119kszo\u015bci pod\u0142o\u017cy budowlanych"},"content":{"rendered":"\t\t<div data-elementor-type=\"wp-page\" data-elementor-id=\"534\" class=\"elementor elementor-534\">\n\t\t\t\t\t\t<section class=\"elementor-section elementor-top-section elementor-element elementor-element-7be19ee elementor-section-boxed elementor-section-height-default elementor-section-height-default\" data-id=\"7be19ee\" data-element_type=\"section\">\n\t\t\t\t\t\t<div class=\"elementor-container elementor-column-gap-default\">\n\t\t\t\t\t<div class=\"elementor-column elementor-col-50 elementor-top-column elementor-element elementor-element-7276cdd\" data-id=\"7276cdd\" data-element_type=\"column\">\n\t\t\t<div class=\"elementor-widget-wrap elementor-element-populated\">\n\t\t\t\t\t\t<div class=\"elementor-element elementor-element-a3fe42f elementor-widget elementor-widget-image\" data-id=\"a3fe42f\" data-element_type=\"widget\" data-widget_type=\"image.default\">\n\t\t\t\t<div class=\"elementor-widget-container\">\n\t\t\t\t\t\t\t\t\t\t\t\t\t\t\t<img fetchpriority=\"high\" decoding=\"async\" width=\"526\" height=\"595\" src=\"https:\/\/www.tfix.pl\/wp-content\/uploads\/2021\/07\/FCR3000.png\" class=\"attachment-large size-large wp-image-578\" alt=\"\" \/>\t\t\t\t\t\t\t\t\t\t\t\t\t\t\t<\/div>\n\t\t\t\t<\/div>\n\t\t\t\t<div class=\"elementor-element elementor-element-4f16cf1 elementor-widget elementor-widget-text-editor\" data-id=\"4f16cf1\" data-element_type=\"widget\" data-widget_type=\"text-editor.default\">\n\t\t\t\t<div class=\"elementor-widget-container\">\n\t\t\t\t\t\t\t\t\t<b>Materia\u0142 pr\u0119ta kotwy:<\/b>\n<ul>\n<li>Pr\u0119ty zbrojeniowe, proste i rozwijane<\/li>\n<li>Pr\u0119ty gwintowane ze stali w\u0119glowej klasy: 5.8, 8.8, 10.9<\/li>\n<li>Pr\u0119ty gwintowane nierdzewne A2-70, A4-70, A4-80<\/li>\n<li>Pr\u0119ty gwintowane trudnordzewiej\u0105ce 1.4529, 1.4565<\/li>\n<\/ul>\t\t\t\t\t\t\t\t<\/div>\n\t\t\t\t<\/div>\n\t\t\t\t\t<\/div>\n\t\t<\/div>\n\t\t\t\t<div class=\"elementor-column elementor-col-50 elementor-top-column elementor-element elementor-element-ec81b5c\" data-id=\"ec81b5c\" data-element_type=\"column\">\n\t\t\t<div class=\"elementor-widget-wrap elementor-element-populated\">\n\t\t\t\t\t\t<div class=\"elementor-element elementor-element-a19a2c9 elementor-widget elementor-widget-text-editor\" data-id=\"a19a2c9\" data-element_type=\"widget\" data-widget_type=\"text-editor.default\">\n\t\t\t\t<div class=\"elementor-widget-container\">\n\t\t\t\t\t\t\t\t\t\u017bywica o wysokich parametrach wytrzyma\u0142o\u015bciowych zapewniaj\u0105ca \nbezpieczne kotwienie w betonie i pod\u0142o\u017cach murowych jak: ceg\u0142a \npe\u0142na, Ytong czy Porotherm za pomoc\u0105 pr\u0119t\u00f3w gwintowanych \ni  zbrojeniowych.\n<br>\n<b>Zastosowania:<\/b>\n<ul>\n<li>Kotwienie wszelkiego rodzaju konstrukcji budowlanych i s\u0142up\u00f3w \nno\u015bnych konstrukcji szkieletowych,<\/li>\n<li>Mocowanie barier i znak\u00f3w drogowych, ekran\u00f3w akustycznych \noraz wspornik\u00f3w i por\u0119czy,<\/li>\n<li> Kotwienie maszyn i urz\u0105dze\u0144 oraz element\u00f3w instalacji \nprzemys\u0142owych,<\/li>\n<li> Naprawa betonu \u2013 wype\u0142nianie p\u0119kni\u0119\u0107, oraz uzupe\u0142nienie \nubytk\u00f3w zniszczonej powierzchni.<\/li>\n<\/ul>\n<b>Zalety:<\/b>\n<ul>\n<li> Zmienia kolor z niebieskiego na szary po zako\u0144czeniu \u017celowania \n(od tej chwili liczymy czas do osi\u0105gni\u0119cia pe\u0142nej no\u015bno\u015bci),<\/li>\n<li> Mocowanie we wszystkich pod\u0142o\u017cach: betonie oraz murach \nz ceg\u0142y pe\u0142nej, pustak\u00f3w, Porothermu, Ytonga itp<\/li>\n<li> Kotwienie pr\u0119t\u00f3w gwintowanych i pr\u0119t\u00f3w zbrojeniowych, <\/li>\n<li> Monta\u017c w suchym i mokrym betonie oraz pod wod\u0105,<\/li>\n<li>Zmniejszone zu\u017cycie \u017cywicy (do 30% w zale\u017cno\u015bci od \u015brednicy),<\/li>\n<li> Trzy aprobaty europejskie do r\u00f3\u017cnych zastosowa\u0144 i pod\u0142o\u017cy.<\/li>\n<\/ul>\t\t\t\t\t\t\t\t<\/div>\n\t\t\t\t<\/div>\n\t\t\t\t\t<\/div>\n\t\t<\/div>\n\t\t\t\t\t<\/div>\n\t\t<\/section>\n\t\t\t\t<section class=\"elementor-section elementor-top-section elementor-element elementor-element-be3aee4 elementor-section-boxed elementor-section-height-default elementor-section-height-default\" data-id=\"be3aee4\" data-element_type=\"section\">\n\t\t\t\t\t\t<div class=\"elementor-container elementor-column-gap-default\">\n\t\t\t\t\t<div class=\"elementor-column elementor-col-100 elementor-top-column elementor-element elementor-element-67686a6\" data-id=\"67686a6\" data-element_type=\"column\">\n\t\t\t<div class=\"elementor-widget-wrap elementor-element-populated\">\n\t\t\t\t\t\t<div class=\"elementor-element elementor-element-555dbb7 elementor-widget elementor-widget-image\" data-id=\"555dbb7\" data-element_type=\"widget\" data-widget_type=\"image.default\">\n\t\t\t\t<div class=\"elementor-widget-container\">\n\t\t\t\t\t\t\t\t\t\t\t\t\t\t\t<img decoding=\"async\" width=\"750\" height=\"285\" src=\"https:\/\/www.tfix.pl\/wp-content\/uploads\/2021\/07\/FCR3000-t.png\" class=\"attachment-large size-large wp-image-576\" alt=\"\" \/>\t\t\t\t\t\t\t\t\t\t\t\t\t\t\t<\/div>\n\t\t\t\t<\/div>\n\t\t\t\t\t<\/div>\n\t\t<\/div>\n\t\t\t\t\t<\/div>\n\t\t<\/section>\n\t\t\t\t<\/div>\n\t\t","protected":false},"excerpt":{"rendered":"<p>Materia\u0142 pr\u0119ta kotwy: Pr\u0119ty zbrojeniowe, proste i rozwijane Pr\u0119ty gwintowane ze stali w\u0119glowej klasy: 5.8, 8.8, 10.9 Pr\u0119ty gwintowane nierdzewne A2-70, A4-70, A4-80 Pr\u0119ty gwintowane trudnordzewiej\u0105ce 1.4529, 1.4565 \u017bywica o wysokich parametrach wytrzyma\u0142o\u015bciowych zapewniaj\u0105ca bezpieczne kotwienie w betonie i pod\u0142o\u017cach murowych jak: ceg\u0142a pe\u0142na, Ytong czy Porotherm za pomoc\u0105 pr\u0119t\u00f3w [&hellip;]<\/p>\n","protected":false},"author":1,"featured_media":0,"parent":0,"menu_order":0,"comment_status":"closed","ping_status":"closed","template":"page-templates\/template-fullwidth.php","meta":{"footnotes":""},"folder":[11],"class_list":["post-534","page","type-page","status-publish","hentry"],"_links":{"self":[{"href":"https:\/\/www.tfix.pl\/pl\/wp-json\/wp\/v2\/pages\/534","targetHints":{"allow":["GET"]}}],"collection":[{"href":"https:\/\/www.tfix.pl\/pl\/wp-json\/wp\/v2\/pages"}],"about":[{"href":"https:\/\/www.tfix.pl\/pl\/wp-json\/wp\/v2\/types\/page"}],"author":[{"embeddable":true,"href":"https:\/\/www.tfix.pl\/pl\/wp-json\/wp\/v2\/users\/1"}],"replies":[{"embeddable":true,"href":"https:\/\/www.tfix.pl\/pl\/wp-json\/wp\/v2\/comments?post=534"}],"version-history":[{"count":5,"href":"https:\/\/www.tfix.pl\/pl\/wp-json\/wp\/v2\/pages\/534\/revisions"}],"predecessor-version":[{"id":583,"href":"https:\/\/www.tfix.pl\/pl\/wp-json\/wp\/v2\/pages\/534\/revisions\/583"}],"wp:attachment":[{"href":"https:\/\/www.tfix.pl\/pl\/wp-json\/wp\/v2\/media?parent=534"}],"wp:term":[{"taxonomy":"folder","embeddable":true,"href":"https:\/\/www.tfix.pl\/pl\/wp-json\/wp\/v2\/folder?post=534"}],"curies":[{"name":"wp","href":"https:\/\/api.w.org\/{rel}","templated":true}]}}