{"id":536,"date":"2021-07-30T15:01:10","date_gmt":"2021-07-30T15:01:10","guid":{"rendered":"http:\/\/localhost\/wordpress\/?page_id=536"},"modified":"2021-07-30T19:31:32","modified_gmt":"2021-07-30T19:31:32","slug":"fcr-m-pro-uniwersalna","status":"publish","type":"page","link":"https:\/\/www.tfix.pl\/pl\/fcr-m-pro-uniwersalna\/","title":{"rendered":"FCR \u2026M PRO \u2013 UNIWERSALNA \u017bYWICA, do wi\u0119kszo\u015bci pod\u0142o\u017cy budowlanych"},"content":{"rendered":"\t\t<div data-elementor-type=\"wp-page\" data-elementor-id=\"536\" class=\"elementor elementor-536\">\n\t\t\t\t\t\t<section class=\"elementor-section elementor-top-section elementor-element elementor-element-c70f97f elementor-section-boxed elementor-section-height-default elementor-section-height-default\" data-id=\"c70f97f\" data-element_type=\"section\">\n\t\t\t\t\t\t<div class=\"elementor-container elementor-column-gap-default\">\n\t\t\t\t\t<div class=\"elementor-column elementor-col-50 elementor-top-column elementor-element elementor-element-1a0dc6e\" data-id=\"1a0dc6e\" data-element_type=\"column\">\n\t\t\t<div class=\"elementor-widget-wrap elementor-element-populated\">\n\t\t\t\t\t\t<div class=\"elementor-element elementor-element-55affd8 elementor-widget elementor-widget-image\" data-id=\"55affd8\" data-element_type=\"widget\" data-widget_type=\"image.default\">\n\t\t\t\t<div class=\"elementor-widget-container\">\n\t\t\t\t\t\t\t\t\t\t\t\t\t\t\t<img fetchpriority=\"high\" decoding=\"async\" width=\"531\" height=\"601\" src=\"https:\/\/www.tfix.pl\/wp-content\/uploads\/2021\/07\/FCR410m.png\" class=\"attachment-large size-large wp-image-585\" alt=\"\" \/>\t\t\t\t\t\t\t\t\t\t\t\t\t\t\t<\/div>\n\t\t\t\t<\/div>\n\t\t\t\t<div class=\"elementor-element elementor-element-4f2c79d elementor-widget elementor-widget-text-editor\" data-id=\"4f2c79d\" data-element_type=\"widget\" data-widget_type=\"text-editor.default\">\n\t\t\t\t<div class=\"elementor-widget-container\">\n\t\t\t\t\t\t\t\t\t<b>Materia\u0142 pr\u0119ta kotwy:<\/b>\n<ul>\n<li>Pr\u0119ty gwintowane ze stali w\u0119glowej klasy: 4.6, 5.8, 8.8, 10.9<\/li>\n<li> Pr\u0119ty gwintowane nierdzewne A2-70, A4-70, A4-80<\/li>\n<li>Pr\u0119ty gwintowane trudnordzewiej\u0105ce 1.4529, 1.4565<\/li>\n<\/ul>\t\t\t\t\t\t\t\t<\/div>\n\t\t\t\t<\/div>\n\t\t\t\t\t<\/div>\n\t\t<\/div>\n\t\t\t\t<div class=\"elementor-column elementor-col-50 elementor-top-column elementor-element elementor-element-4c9a272\" data-id=\"4c9a272\" data-element_type=\"column\">\n\t\t\t<div class=\"elementor-widget-wrap elementor-element-populated\">\n\t\t\t\t\t\t<div class=\"elementor-element elementor-element-09cfa55 elementor-widget elementor-widget-text-editor\" data-id=\"09cfa55\" data-element_type=\"widget\" data-widget_type=\"text-editor.default\">\n\t\t\t\t<div class=\"elementor-widget-container\">\n\t\t\t\t\t\t\t\t\tUniwersalna \u017cywica o wysokich parametrach wytrzyma\u0142o\u015bciowych \nzapewniaj\u0105ca bezpieczne mocowanie w wi\u0119kszo\u015bci pod\u0142o\u017cy \nbudowlanych\n<br>\n<b>Zastosowania:<\/b>\n<ul>\n<li> Kotwienie pr\u0119t\u00f3w gwintowanych w betonie oraz w pod\u0142o\u017cach \nmurowych jak: ceg\u0142a pe\u0142na i krat\u00f3wka, Porotherm (z tulej\u0105 \nperforowan\u0105), ceg\u0142a silikatowa, Ytong itp.,<\/li>\n<li> Kotwienie wszelkiego rodzaju konstrukcji budowlanych barierek, \nwspornik\u00f3w, s\u0142upk\u00f3w, por\u0119czy, bram wjazdowych i drzwi \ngara\u017cowych<\/li>\n<li> Naprawa betonu \u2013 wype\u0142nianie p\u0119kni\u0119\u0107, oraz uzupe\u0142nienie \nubytk\u00f3w zniszczonej powierzchni.<\/li>\n<\/ul>\n<b>Zalety:<\/b>\n<ul>\n<li> Mocowanie we wszystkich pod\u0142o\u017cach: betonie oraz murach \nz ceg\u0142y pe\u0142nej, pustak\u00f3w, Porothermu, Ytonga itp.,<\/li>\n<li> Zmniejszone zu\u017cycie \u017cywicy (do 30% w zale\u017cno\u015bci od \u015brednicy),<\/li>\n<li>Monta\u017c w suchym i mokrym betonie oraz pod wod\u0105,<\/li>\n<li> Szybkie \u017celowanie i utwardzanie w niskich temperaturach.<\/li>\n<\/ul>\t\t\t\t\t\t\t\t<\/div>\n\t\t\t\t<\/div>\n\t\t\t\t\t<\/div>\n\t\t<\/div>\n\t\t\t\t\t<\/div>\n\t\t<\/section>\n\t\t\t\t<section class=\"elementor-section elementor-top-section elementor-element elementor-element-6021006 elementor-section-boxed elementor-section-height-default elementor-section-height-default\" data-id=\"6021006\" data-element_type=\"section\">\n\t\t\t\t\t\t<div class=\"elementor-container elementor-column-gap-default\">\n\t\t\t\t\t<div class=\"elementor-column elementor-col-100 elementor-top-column elementor-element elementor-element-f48301b\" data-id=\"f48301b\" data-element_type=\"column\">\n\t\t\t<div class=\"elementor-widget-wrap elementor-element-populated\">\n\t\t\t\t\t\t<div class=\"elementor-element elementor-element-8433575 elementor-widget elementor-widget-image\" data-id=\"8433575\" data-element_type=\"widget\" data-widget_type=\"image.default\">\n\t\t\t\t<div class=\"elementor-widget-container\">\n\t\t\t\t\t\t\t\t\t\t\t\t\t\t\t<img decoding=\"async\" width=\"750\" height=\"287\" src=\"https:\/\/www.tfix.pl\/wp-content\/uploads\/2021\/07\/FCR410m-t.png\" class=\"attachment-large size-large wp-image-586\" alt=\"\" \/>\t\t\t\t\t\t\t\t\t\t\t\t\t\t\t<\/div>\n\t\t\t\t<\/div>\n\t\t\t\t\t<\/div>\n\t\t<\/div>\n\t\t\t\t\t<\/div>\n\t\t<\/section>\n\t\t\t\t<\/div>\n\t\t","protected":false},"excerpt":{"rendered":"<p>Materia\u0142 pr\u0119ta kotwy: Pr\u0119ty gwintowane ze stali w\u0119glowej klasy: 4.6, 5.8, 8.8, 10.9 Pr\u0119ty gwintowane nierdzewne A2-70, A4-70, A4-80 Pr\u0119ty gwintowane trudnordzewiej\u0105ce 1.4529, 1.4565 Uniwersalna \u017cywica o wysokich parametrach wytrzyma\u0142o\u015bciowych zapewniaj\u0105ca bezpieczne mocowanie w wi\u0119kszo\u015bci pod\u0142o\u017cy budowlanych Zastosowania: Kotwienie pr\u0119t\u00f3w gwintowanych w betonie oraz w pod\u0142o\u017cach murowych jak: ceg\u0142a pe\u0142na [&hellip;]<\/p>\n","protected":false},"author":1,"featured_media":0,"parent":0,"menu_order":0,"comment_status":"closed","ping_status":"closed","template":"page-templates\/template-fullwidth.php","meta":{"footnotes":""},"folder":[11],"class_list":["post-536","page","type-page","status-publish","hentry"],"_links":{"self":[{"href":"https:\/\/www.tfix.pl\/pl\/wp-json\/wp\/v2\/pages\/536","targetHints":{"allow":["GET"]}}],"collection":[{"href":"https:\/\/www.tfix.pl\/pl\/wp-json\/wp\/v2\/pages"}],"about":[{"href":"https:\/\/www.tfix.pl\/pl\/wp-json\/wp\/v2\/types\/page"}],"author":[{"embeddable":true,"href":"https:\/\/www.tfix.pl\/pl\/wp-json\/wp\/v2\/users\/1"}],"replies":[{"embeddable":true,"href":"https:\/\/www.tfix.pl\/pl\/wp-json\/wp\/v2\/comments?post=536"}],"version-history":[{"count":5,"href":"https:\/\/www.tfix.pl\/pl\/wp-json\/wp\/v2\/pages\/536\/revisions"}],"predecessor-version":[{"id":590,"href":"https:\/\/www.tfix.pl\/pl\/wp-json\/wp\/v2\/pages\/536\/revisions\/590"}],"wp:attachment":[{"href":"https:\/\/www.tfix.pl\/pl\/wp-json\/wp\/v2\/media?parent=536"}],"wp:term":[{"taxonomy":"folder","embeddable":true,"href":"https:\/\/www.tfix.pl\/pl\/wp-json\/wp\/v2\/folder?post=536"}],"curies":[{"name":"wp","href":"https:\/\/api.w.org\/{rel}","templated":true}]}}