{"id":538,"date":"2021-07-30T15:01:23","date_gmt":"2021-07-30T15:01:23","guid":{"rendered":"http:\/\/localhost\/wordpress\/?page_id=538"},"modified":"2021-07-31T11:35:56","modified_gmt":"2021-07-31T11:35:56","slug":"fcr-mvz-zimowa-zywica","status":"publish","type":"page","link":"https:\/\/www.tfix.pl\/pl\/fcr-mvz-zimowa-zywica\/","title":{"rendered":"FCR \u2026MVZ \u2013 ZIMOWA \u017bYWICA DO WYSOKICH OBCI\u0104\u017bE\u0143 w wi\u0119kszo\u015bci pod\u0142o\u017cy budowlanych"},"content":{"rendered":"\t\t<div data-elementor-type=\"wp-page\" data-elementor-id=\"538\" class=\"elementor elementor-538\">\n\t\t\t\t\t\t<section class=\"elementor-section elementor-top-section elementor-element elementor-element-b9a9761 elementor-section-boxed elementor-section-height-default elementor-section-height-default\" data-id=\"b9a9761\" data-element_type=\"section\">\n\t\t\t\t\t\t<div class=\"elementor-container elementor-column-gap-default\">\n\t\t\t\t\t<div class=\"elementor-column elementor-col-50 elementor-top-column elementor-element elementor-element-a390fdd\" data-id=\"a390fdd\" data-element_type=\"column\">\n\t\t\t<div class=\"elementor-widget-wrap elementor-element-populated\">\n\t\t\t\t\t\t<div class=\"elementor-element elementor-element-27f0ce5 elementor-widget elementor-widget-image\" data-id=\"27f0ce5\" data-element_type=\"widget\" data-widget_type=\"image.default\">\n\t\t\t\t<div class=\"elementor-widget-container\">\n\t\t\t\t\t\t\t\t\t\t\t\t\t\t\t<img fetchpriority=\"high\" decoding=\"async\" width=\"423\" height=\"459\" src=\"https:\/\/www.tfix.pl\/wp-content\/uploads\/2021\/07\/FCR410MVZ.png\" class=\"attachment-large size-large wp-image-593\" alt=\"\" \/>\t\t\t\t\t\t\t\t\t\t\t\t\t\t\t<\/div>\n\t\t\t\t<\/div>\n\t\t\t\t<div class=\"elementor-element elementor-element-8f0bf09 elementor-widget elementor-widget-text-editor\" data-id=\"8f0bf09\" data-element_type=\"widget\" data-widget_type=\"text-editor.default\">\n\t\t\t\t<div class=\"elementor-widget-container\">\n\t\t\t\t\t\t\t\t\t<b>Materia\u0142 pr\u0119ta kotwy:<\/b>\n\n<ul>\n<li> Pr\u0119ty zbrojeniowe, proste i rozwijane<\/li>\n<li>Pr\u0119ty gwintowane ze stali w\u0119glowej klasy: 5.8, 8.8, 10.9<\/li>\n<li>Pr\u0119ty gwintowane nierdzewne A2-70, A4-70, A4-80<\/li>\n<li> Pr\u0119ty gwintowane trudnordzewiej\u0105ce 1.4529, 1.4565<\/li>\n<\/ul>\n\t\t\t\t\t\t\t\t<\/div>\n\t\t\t\t<\/div>\n\t\t\t\t\t<\/div>\n\t\t<\/div>\n\t\t\t\t<div class=\"elementor-column elementor-col-50 elementor-top-column elementor-element elementor-element-ebc5f5e\" data-id=\"ebc5f5e\" data-element_type=\"column\">\n\t\t\t<div class=\"elementor-widget-wrap elementor-element-populated\">\n\t\t\t\t\t\t<div class=\"elementor-element elementor-element-bdac522 elementor-widget elementor-widget-text-editor\" data-id=\"bdac522\" data-element_type=\"widget\" data-widget_type=\"text-editor.default\">\n\t\t\t\t<div class=\"elementor-widget-container\">\n\t\t\t\t\t\t\t\t\tZimowa odmiana \u017cywicy FCR&#8230;MV, o wysokich parametrach \nwytrzyma\u0142o\u015bciowych zapewniaj\u0105ca bezpieczne i ekonomiczne \nkotwienie w betonie, kamieniu i pod\u0142o\u017cach murowych jak: ceg\u0142a \npe\u0142na, Ytong czy Porotherm za pomoc\u0105 pr\u0119t\u00f3w gwintowanych \ni zbrojeniowych przy temperaturach do -15\u00b0C\n<br>\n<b>Zastosowania:<\/b>\n<ul>\n<li> Kotwienie wszelkiego rodzaju konstrukcji budowlanych i s\u0142up\u00f3w \nno\u015bnych konstrukcji szkieletowych,<\/li>\n<li> Mocowanie barier i znak\u00f3w drogowych, ekran\u00f3w akustycznych \noraz wspornik\u00f3w i por\u0119czy,<\/li>\n<li> Kotwienie maszyn i urz\u0105dze\u0144 oraz element\u00f3w instalacji \nprzemys\u0142owych,<\/li>\n<li> Naprawa betonu \u2013 wype\u0142nianie p\u0119kni\u0119\u0107, oraz uzupe\u0142nienie \nubytk\u00f3w zniszczonej powierzchni.<\/li>\n<\/ul>\n<b>Zalety:<\/b>\n<ul>\n<li>Mocowanie we wszystkich pod\u0142o\u017cach: betonie oraz murach \nz ceg\u0142y pe\u0142nej, pustak\u00f3w, Porothermu, Ytonga itp.,<\/li>\n<li> Zmniejszone zu\u017cycie \u017cywicy (do 30% w zale\u017cno\u015bci od \u015brednicy),<\/li>\n<li>Monta\u017c w suchym i mokrym betonie oraz pod wod\u0105,<\/li>\n<li>Szybkie \u017celowanie i utwardzanie w niskich temperaturach.<\/li>\n<\/ul>\t\t\t\t\t\t\t\t<\/div>\n\t\t\t\t<\/div>\n\t\t\t\t\t<\/div>\n\t\t<\/div>\n\t\t\t\t\t<\/div>\n\t\t<\/section>\n\t\t\t\t<section class=\"elementor-section elementor-top-section elementor-element elementor-element-4121117 elementor-section-boxed elementor-section-height-default elementor-section-height-default\" data-id=\"4121117\" data-element_type=\"section\">\n\t\t\t\t\t\t<div class=\"elementor-container elementor-column-gap-default\">\n\t\t\t\t\t<div class=\"elementor-column elementor-col-100 elementor-top-column elementor-element elementor-element-f595e01\" data-id=\"f595e01\" data-element_type=\"column\">\n\t\t\t<div class=\"elementor-widget-wrap elementor-element-populated\">\n\t\t\t\t\t\t<div class=\"elementor-element elementor-element-64d182a elementor-widget elementor-widget-image\" data-id=\"64d182a\" data-element_type=\"widget\" data-widget_type=\"image.default\">\n\t\t\t\t<div class=\"elementor-widget-container\">\n\t\t\t\t\t\t\t\t\t\t\t\t\t\t\t<img decoding=\"async\" width=\"750\" height=\"296\" src=\"https:\/\/www.tfix.pl\/wp-content\/uploads\/2021\/07\/FCR410MVZ-t.png\" class=\"attachment-large size-large wp-image-594\" alt=\"\" \/>\t\t\t\t\t\t\t\t\t\t\t\t\t\t\t<\/div>\n\t\t\t\t<\/div>\n\t\t\t\t\t<\/div>\n\t\t<\/div>\n\t\t\t\t\t<\/div>\n\t\t<\/section>\n\t\t\t\t<\/div>\n\t\t","protected":false},"excerpt":{"rendered":"<p>Materia\u0142 pr\u0119ta kotwy: Pr\u0119ty zbrojeniowe, proste i rozwijane Pr\u0119ty gwintowane ze stali w\u0119glowej klasy: 5.8, 8.8, 10.9 Pr\u0119ty gwintowane nierdzewne A2-70, A4-70, A4-80 Pr\u0119ty gwintowane trudnordzewiej\u0105ce 1.4529, 1.4565 Zimowa odmiana \u017cywicy FCR&#8230;MV, o wysokich parametrach wytrzyma\u0142o\u015bciowych zapewniaj\u0105ca bezpieczne i ekonomiczne kotwienie w betonie, kamieniu i pod\u0142o\u017cach murowych jak: ceg\u0142a pe\u0142na, [&hellip;]<\/p>\n","protected":false},"author":1,"featured_media":0,"parent":0,"menu_order":0,"comment_status":"closed","ping_status":"closed","template":"page-templates\/template-fullwidth.php","meta":{"footnotes":""},"folder":[11],"class_list":["post-538","page","type-page","status-publish","hentry"],"_links":{"self":[{"href":"https:\/\/www.tfix.pl\/pl\/wp-json\/wp\/v2\/pages\/538","targetHints":{"allow":["GET"]}}],"collection":[{"href":"https:\/\/www.tfix.pl\/pl\/wp-json\/wp\/v2\/pages"}],"about":[{"href":"https:\/\/www.tfix.pl\/pl\/wp-json\/wp\/v2\/types\/page"}],"author":[{"embeddable":true,"href":"https:\/\/www.tfix.pl\/pl\/wp-json\/wp\/v2\/users\/1"}],"replies":[{"embeddable":true,"href":"https:\/\/www.tfix.pl\/pl\/wp-json\/wp\/v2\/comments?post=538"}],"version-history":[{"count":7,"href":"https:\/\/www.tfix.pl\/pl\/wp-json\/wp\/v2\/pages\/538\/revisions"}],"predecessor-version":[{"id":600,"href":"https:\/\/www.tfix.pl\/pl\/wp-json\/wp\/v2\/pages\/538\/revisions\/600"}],"wp:attachment":[{"href":"https:\/\/www.tfix.pl\/pl\/wp-json\/wp\/v2\/media?parent=538"}],"wp:term":[{"taxonomy":"folder","embeddable":true,"href":"https:\/\/www.tfix.pl\/pl\/wp-json\/wp\/v2\/folder?post=538"}],"curies":[{"name":"wp","href":"https:\/\/api.w.org\/{rel}","templated":true}]}}