{"id":540,"date":"2021-07-30T15:01:52","date_gmt":"2021-07-30T15:01:52","guid":{"rendered":"http:\/\/localhost\/wordpress\/?page_id=540"},"modified":"2021-07-31T11:44:04","modified_gmt":"2021-07-31T11:44:04","slug":"fcs-prety-kotew-chemicznych-klasy-5-8-ocynkowane-galwanicznie","status":"publish","type":"page","link":"https:\/\/www.tfix.pl\/pl\/fcs-prety-kotew-chemicznych-klasy-5-8-ocynkowane-galwanicznie\/","title":{"rendered":"FCS \u2013 Pr\u0119ty kotew chemicznych (klasy 5.8 ocynkowane galwanicznie)"},"content":{"rendered":"\t\t<div data-elementor-type=\"wp-page\" data-elementor-id=\"540\" class=\"elementor elementor-540\">\n\t\t\t\t\t\t<section class=\"elementor-section elementor-top-section elementor-element elementor-element-f290733 elementor-section-boxed elementor-section-height-default elementor-section-height-default\" data-id=\"f290733\" data-element_type=\"section\">\n\t\t\t\t\t\t<div class=\"elementor-container elementor-column-gap-default\">\n\t\t\t\t\t<div class=\"elementor-column elementor-col-50 elementor-top-column elementor-element elementor-element-7b3d5f5\" data-id=\"7b3d5f5\" data-element_type=\"column\">\n\t\t\t<div class=\"elementor-widget-wrap elementor-element-populated\">\n\t\t\t\t\t\t<div class=\"elementor-element elementor-element-5d71646 elementor-widget elementor-widget-image\" data-id=\"5d71646\" data-element_type=\"widget\" data-widget_type=\"image.default\">\n\t\t\t\t<div class=\"elementor-widget-container\">\n\t\t\t\t\t\t\t\t\t\t\t\t\t\t\t<img fetchpriority=\"high\" decoding=\"async\" width=\"287\" height=\"341\" src=\"https:\/\/www.tfix.pl\/wp-content\/uploads\/2021\/07\/FCS.png\" class=\"attachment-large size-large wp-image-605\" alt=\"\" \/>\t\t\t\t\t\t\t\t\t\t\t\t\t\t\t<\/div>\n\t\t\t\t<\/div>\n\t\t\t\t\t<\/div>\n\t\t<\/div>\n\t\t\t\t<div class=\"elementor-column elementor-col-50 elementor-top-column elementor-element elementor-element-ea8068c\" data-id=\"ea8068c\" data-element_type=\"column\">\n\t\t\t<div class=\"elementor-widget-wrap elementor-element-populated\">\n\t\t\t\t\t\t<div class=\"elementor-element elementor-element-1f6a131 elementor-widget elementor-widget-text-editor\" data-id=\"1f6a131\" data-element_type=\"widget\" data-widget_type=\"text-editor.default\">\n\t\t\t\t<div class=\"elementor-widget-container\">\n\t\t\t\t\t\t\t\t\t<ul>\n<li>\t zewn\u0119trzny uchwyt sze\u015bciok\u0105tny.<\/li>\n<li>dwustronne \u015bci\u0119cie pr\u0119ta<\/li>\n<li> Stal w\u0119glowa klasy 5.8 ocynkowana\ngalwanicznie min 5\u00b5m.<\/li>\n<li> p\u0142askie \u015bci\u0119cie z obydwu stron<\/li>\n<li> Stal w\u0119glowa klasy 4.8 ocynkowana\ngalwanicznie min 5\u00b5m<\/li>\n<li> Zgodne z EN ISO 4032; 887; 7089; 7093<\/li>\n<\/ul>\t\t\t\t\t\t\t\t<\/div>\n\t\t\t\t<\/div>\n\t\t\t\t<div class=\"elementor-element elementor-element-71f7e50 elementor-widget elementor-widget-image\" data-id=\"71f7e50\" data-element_type=\"widget\" data-widget_type=\"image.default\">\n\t\t\t\t<div class=\"elementor-widget-container\">\n\t\t\t\t\t\t\t\t\t\t\t\t\t\t\t<img decoding=\"async\" width=\"750\" height=\"214\" src=\"https:\/\/www.tfix.pl\/wp-content\/uploads\/2021\/07\/FCS-t.png\" class=\"attachment-large size-large wp-image-602\" alt=\"\" \/>\t\t\t\t\t\t\t\t\t\t\t\t\t\t\t<\/div>\n\t\t\t\t<\/div>\n\t\t\t\t\t<\/div>\n\t\t<\/div>\n\t\t\t\t\t<\/div>\n\t\t<\/section>\n\t\t\t\t<section class=\"elementor-section elementor-top-section elementor-element elementor-element-4860b76 elementor-section-boxed elementor-section-height-default elementor-section-height-default\" data-id=\"4860b76\" data-element_type=\"section\">\n\t\t\t\t\t\t<div class=\"elementor-container elementor-column-gap-default\">\n\t\t\t\t\t<div class=\"elementor-column elementor-col-100 elementor-top-column elementor-element elementor-element-49dbdeb\" data-id=\"49dbdeb\" data-element_type=\"column\">\n\t\t\t<div class=\"elementor-widget-wrap elementor-element-populated\">\n\t\t\t\t\t\t<div class=\"elementor-element elementor-element-a1278d4 elementor-widget elementor-widget-image\" data-id=\"a1278d4\" data-element_type=\"widget\" data-widget_type=\"image.default\">\n\t\t\t\t<div class=\"elementor-widget-container\">\n\t\t\t\t\t\t\t\t\t\t\t\t\t\t\t<img decoding=\"async\" width=\"750\" height=\"302\" src=\"https:\/\/www.tfix.pl\/wp-content\/uploads\/2021\/07\/Parametry-montazowe.png\" class=\"attachment-large size-large wp-image-604\" alt=\"\" \/>\t\t\t\t\t\t\t\t\t\t\t\t\t\t\t<\/div>\n\t\t\t\t<\/div>\n\t\t\t\t\t<\/div>\n\t\t<\/div>\n\t\t\t\t\t<\/div>\n\t\t<\/section>\n\t\t\t\t<\/div>\n\t\t","protected":false},"excerpt":{"rendered":"<p>zewn\u0119trzny uchwyt sze\u015bciok\u0105tny. dwustronne \u015bci\u0119cie pr\u0119ta Stal w\u0119glowa klasy 5.8 ocynkowana galwanicznie min 5\u00b5m. p\u0142askie \u015bci\u0119cie z obydwu stron Stal w\u0119glowa klasy 4.8 ocynkowana galwanicznie min 5\u00b5m Zgodne z EN ISO 4032; 887; 7089; 7093<\/p>\n","protected":false},"author":1,"featured_media":0,"parent":0,"menu_order":0,"comment_status":"closed","ping_status":"closed","template":"page-templates\/template-fullwidth.php","meta":{"footnotes":""},"folder":[11],"class_list":["post-540","page","type-page","status-publish","hentry"],"_links":{"self":[{"href":"https:\/\/www.tfix.pl\/pl\/wp-json\/wp\/v2\/pages\/540","targetHints":{"allow":["GET"]}}],"collection":[{"href":"https:\/\/www.tfix.pl\/pl\/wp-json\/wp\/v2\/pages"}],"about":[{"href":"https:\/\/www.tfix.pl\/pl\/wp-json\/wp\/v2\/types\/page"}],"author":[{"embeddable":true,"href":"https:\/\/www.tfix.pl\/pl\/wp-json\/wp\/v2\/users\/1"}],"replies":[{"embeddable":true,"href":"https:\/\/www.tfix.pl\/pl\/wp-json\/wp\/v2\/comments?post=540"}],"version-history":[{"count":10,"href":"https:\/\/www.tfix.pl\/pl\/wp-json\/wp\/v2\/pages\/540\/revisions"}],"predecessor-version":[{"id":615,"href":"https:\/\/www.tfix.pl\/pl\/wp-json\/wp\/v2\/pages\/540\/revisions\/615"}],"wp:attachment":[{"href":"https:\/\/www.tfix.pl\/pl\/wp-json\/wp\/v2\/media?parent=540"}],"wp:term":[{"taxonomy":"folder","embeddable":true,"href":"https:\/\/www.tfix.pl\/pl\/wp-json\/wp\/v2\/folder?post=540"}],"curies":[{"name":"wp","href":"https:\/\/api.w.org\/{rel}","templated":true}]}}