{"id":542,"date":"2021-07-30T15:02:09","date_gmt":"2021-07-30T15:02:09","guid":{"rendered":"http:\/\/localhost\/wordpress\/?page_id=542"},"modified":"2021-07-31T11:51:22","modified_gmt":"2021-07-31T11:51:22","slug":"fcs-g-prety-kotew-chemicznych-klasy-5-8-ocynkowane-ogniowo","status":"publish","type":"page","link":"https:\/\/www.tfix.pl\/pl\/fcs-g-prety-kotew-chemicznych-klasy-5-8-ocynkowane-ogniowo\/","title":{"rendered":"FCS&#8230;G \u2013 Pr\u0119ty kotew chemicznych (klasy 5.8 ocynkowane ogniowo)"},"content":{"rendered":"\t\t<div data-elementor-type=\"wp-page\" data-elementor-id=\"542\" class=\"elementor elementor-542\">\n\t\t\t\t\t\t<section class=\"elementor-section elementor-top-section elementor-element elementor-element-5f8fe88 elementor-section-boxed elementor-section-height-default elementor-section-height-default\" data-id=\"5f8fe88\" data-element_type=\"section\">\n\t\t\t\t\t\t<div class=\"elementor-container elementor-column-gap-default\">\n\t\t\t\t\t<div class=\"elementor-column elementor-col-50 elementor-top-column elementor-element elementor-element-0085a5b\" data-id=\"0085a5b\" data-element_type=\"column\">\n\t\t\t<div class=\"elementor-widget-wrap elementor-element-populated\">\n\t\t\t\t\t\t<div class=\"elementor-element elementor-element-7ae08e5 elementor-widget elementor-widget-image\" data-id=\"7ae08e5\" data-element_type=\"widget\" data-widget_type=\"image.default\">\n\t\t\t\t<div class=\"elementor-widget-container\">\n\t\t\t\t\t\t\t\t\t\t\t\t\t\t\t<img fetchpriority=\"high\" decoding=\"async\" width=\"226\" height=\"404\" src=\"https:\/\/www.tfix.pl\/wp-content\/uploads\/2021\/07\/FCSg.png\" class=\"attachment-large size-large wp-image-616\" alt=\"\" \/>\t\t\t\t\t\t\t\t\t\t\t\t\t\t\t<\/div>\n\t\t\t\t<\/div>\n\t\t\t\t\t<\/div>\n\t\t<\/div>\n\t\t\t\t<div class=\"elementor-column elementor-col-50 elementor-top-column elementor-element elementor-element-84b3d7b\" data-id=\"84b3d7b\" data-element_type=\"column\">\n\t\t\t<div class=\"elementor-widget-wrap elementor-element-populated\">\n\t\t\t\t\t\t<div class=\"elementor-element elementor-element-d758a4a elementor-widget elementor-widget-text-editor\" data-id=\"d758a4a\" data-element_type=\"widget\" data-widget_type=\"text-editor.default\">\n\t\t\t\t<div class=\"elementor-widget-container\">\n\t\t\t\t\t\t\t\t\t<ul>\n<li>Jednostronne \u015bci\u0119cie pr\u0119ta.<\/li>\n<li> Stal w\u0119glowa klasy 5.8 ocynkowana ogniowo\nmin 40\u00b5m.<\/li>\n<li> Zgodne z EN ISO 4032; 887; 7089; 7093 lub\n7094 \n<\/li>\n<\/ul>\t\t\t\t\t\t\t\t<\/div>\n\t\t\t\t<\/div>\n\t\t\t\t<div class=\"elementor-element elementor-element-82b9dba elementor-widget elementor-widget-image\" data-id=\"82b9dba\" data-element_type=\"widget\" data-widget_type=\"image.default\">\n\t\t\t\t<div class=\"elementor-widget-container\">\n\t\t\t\t\t\t\t\t\t\t\t\t\t\t\t<img decoding=\"async\" width=\"750\" height=\"179\" src=\"https:\/\/www.tfix.pl\/wp-content\/uploads\/2021\/07\/FCSg-t.png\" class=\"attachment-large size-large wp-image-617\" alt=\"\" \/>\t\t\t\t\t\t\t\t\t\t\t\t\t\t\t<\/div>\n\t\t\t\t<\/div>\n\t\t\t\t\t<\/div>\n\t\t<\/div>\n\t\t\t\t\t<\/div>\n\t\t<\/section>\n\t\t\t\t<section class=\"elementor-section elementor-top-section elementor-element elementor-element-28eb603 elementor-section-boxed elementor-section-height-default elementor-section-height-default\" data-id=\"28eb603\" data-element_type=\"section\">\n\t\t\t\t\t\t<div class=\"elementor-container elementor-column-gap-default\">\n\t\t\t\t\t<div class=\"elementor-column elementor-col-100 elementor-top-column elementor-element elementor-element-51f85a2\" data-id=\"51f85a2\" data-element_type=\"column\">\n\t\t\t<div class=\"elementor-widget-wrap elementor-element-populated\">\n\t\t\t\t\t\t<div class=\"elementor-element elementor-element-7e90fbc elementor-widget elementor-widget-image\" data-id=\"7e90fbc\" data-element_type=\"widget\" data-widget_type=\"image.default\">\n\t\t\t\t<div class=\"elementor-widget-container\">\n\t\t\t\t\t\t\t\t\t\t\t\t\t\t\t<img decoding=\"async\" width=\"750\" height=\"302\" src=\"https:\/\/www.tfix.pl\/wp-content\/uploads\/2021\/07\/Parametry-montazowe.png\" class=\"attachment-large size-large wp-image-604\" alt=\"\" \/>\t\t\t\t\t\t\t\t\t\t\t\t\t\t\t<\/div>\n\t\t\t\t<\/div>\n\t\t\t\t\t<\/div>\n\t\t<\/div>\n\t\t\t\t\t<\/div>\n\t\t<\/section>\n\t\t\t\t<\/div>\n\t\t","protected":false},"excerpt":{"rendered":"<p>Jednostronne \u015bci\u0119cie pr\u0119ta. Stal w\u0119glowa klasy 5.8 ocynkowana ogniowo min 40\u00b5m. Zgodne z EN ISO 4032; 887; 7089; 7093 lub 7094<\/p>\n","protected":false},"author":1,"featured_media":0,"parent":0,"menu_order":0,"comment_status":"closed","ping_status":"closed","template":"page-templates\/template-fullwidth.php","meta":{"footnotes":""},"folder":[11],"class_list":["post-542","page","type-page","status-publish","hentry"],"_links":{"self":[{"href":"https:\/\/www.tfix.pl\/pl\/wp-json\/wp\/v2\/pages\/542","targetHints":{"allow":["GET"]}}],"collection":[{"href":"https:\/\/www.tfix.pl\/pl\/wp-json\/wp\/v2\/pages"}],"about":[{"href":"https:\/\/www.tfix.pl\/pl\/wp-json\/wp\/v2\/types\/page"}],"author":[{"embeddable":true,"href":"https:\/\/www.tfix.pl\/pl\/wp-json\/wp\/v2\/users\/1"}],"replies":[{"embeddable":true,"href":"https:\/\/www.tfix.pl\/pl\/wp-json\/wp\/v2\/comments?post=542"}],"version-history":[{"count":4,"href":"https:\/\/www.tfix.pl\/pl\/wp-json\/wp\/v2\/pages\/542\/revisions"}],"predecessor-version":[{"id":620,"href":"https:\/\/www.tfix.pl\/pl\/wp-json\/wp\/v2\/pages\/542\/revisions\/620"}],"wp:attachment":[{"href":"https:\/\/www.tfix.pl\/pl\/wp-json\/wp\/v2\/media?parent=542"}],"wp:term":[{"taxonomy":"folder","embeddable":true,"href":"https:\/\/www.tfix.pl\/pl\/wp-json\/wp\/v2\/folder?post=542"}],"curies":[{"name":"wp","href":"https:\/\/api.w.org\/{rel}","templated":true}]}}