{"id":544,"date":"2021-07-30T15:02:24","date_gmt":"2021-07-30T15:02:24","guid":{"rendered":"http:\/\/localhost\/wordpress\/?page_id=544"},"modified":"2021-07-31T13:03:30","modified_gmt":"2021-07-31T13:03:30","slug":"fmn-mieszacze-zaprawy-zywicznej","status":"publish","type":"page","link":"https:\/\/www.tfix.pl\/pl\/fmn-mieszacze-zaprawy-zywicznej\/","title":{"rendered":"FMN \u2013 Mieszacze zaprawy \u017cywicznej"},"content":{"rendered":"\t\t<div data-elementor-type=\"wp-page\" data-elementor-id=\"544\" class=\"elementor elementor-544\">\n\t\t\t\t\t\t<section class=\"elementor-section elementor-top-section elementor-element elementor-element-27a333b elementor-section-boxed elementor-section-height-default elementor-section-height-default\" data-id=\"27a333b\" data-element_type=\"section\">\n\t\t\t\t\t\t<div class=\"elementor-container elementor-column-gap-default\">\n\t\t\t\t\t<div class=\"elementor-column elementor-col-50 elementor-top-column elementor-element elementor-element-85baeeb\" data-id=\"85baeeb\" data-element_type=\"column\">\n\t\t\t<div class=\"elementor-widget-wrap elementor-element-populated\">\n\t\t\t\t\t\t<div class=\"elementor-element elementor-element-8cb8c8f elementor-widget elementor-widget-image\" data-id=\"8cb8c8f\" data-element_type=\"widget\" data-widget_type=\"image.default\">\n\t\t\t\t<div class=\"elementor-widget-container\">\n\t\t\t\t\t\t\t\t\t\t\t\t\t\t\t<img fetchpriority=\"high\" decoding=\"async\" width=\"297\" height=\"259\" src=\"https:\/\/www.tfix.pl\/wp-content\/uploads\/2021\/07\/FMN.png\" class=\"attachment-large size-large wp-image-621\" alt=\"\" \/>\t\t\t\t\t\t\t\t\t\t\t\t\t\t\t<\/div>\n\t\t\t\t<\/div>\n\t\t\t\t\t<\/div>\n\t\t<\/div>\n\t\t\t\t<div class=\"elementor-column elementor-col-50 elementor-top-column elementor-element elementor-element-1b723b7\" data-id=\"1b723b7\" data-element_type=\"column\">\n\t\t\t<div class=\"elementor-widget-wrap elementor-element-populated\">\n\t\t\t\t\t\t<div class=\"elementor-element elementor-element-11dea03 elementor-widget elementor-widget-text-editor\" data-id=\"11dea03\" data-element_type=\"widget\" data-widget_type=\"text-editor.default\">\n\t\t\t\t<div class=\"elementor-widget-container\">\n\t\t\t\t\t\t\t\t\tMieszacze s\u0142u\u017c\u0105 do dok\u0142adnego wymieszania komponent\u00f3w z kt\u00f3rych sk\u0142ada si\u0119 zaprawa \u017cywiczna\nczyli \u017cywicy i utwardzacza. Nakr\u0119ca si\u0119 je na gwint znajduj\u0105cy si\u0119 na tubie po odkr\u0119ceniu nakr\u0119tki\ni w\u0142o\u017ceniu tuby z \u017cywic\u0105 do dozownika\t\t\t\t\t\t\t\t<\/div>\n\t\t\t\t<\/div>\n\t\t\t\t<div class=\"elementor-element elementor-element-e7e83a7 elementor-widget elementor-widget-image\" data-id=\"e7e83a7\" data-element_type=\"widget\" data-widget_type=\"image.default\">\n\t\t\t\t<div class=\"elementor-widget-container\">\n\t\t\t\t\t\t\t\t\t\t\t\t\t\t\t<img decoding=\"async\" width=\"750\" height=\"147\" src=\"https:\/\/www.tfix.pl\/wp-content\/uploads\/2021\/07\/FMN-t.png\" class=\"attachment-large size-large wp-image-622\" alt=\"\" \/>\t\t\t\t\t\t\t\t\t\t\t\t\t\t\t<\/div>\n\t\t\t\t<\/div>\n\t\t\t\t\t<\/div>\n\t\t<\/div>\n\t\t\t\t\t<\/div>\n\t\t<\/section>\n\t\t\t\t<\/div>\n\t\t","protected":false},"excerpt":{"rendered":"<p>Mieszacze s\u0142u\u017c\u0105 do dok\u0142adnego wymieszania komponent\u00f3w z kt\u00f3rych sk\u0142ada si\u0119 zaprawa \u017cywiczna czyli \u017cywicy i utwardzacza. Nakr\u0119ca si\u0119 je na gwint znajduj\u0105cy si\u0119 na tubie po odkr\u0119ceniu nakr\u0119tki i w\u0142o\u017ceniu tuby z \u017cywic\u0105 do dozownika<\/p>\n","protected":false},"author":1,"featured_media":0,"parent":0,"menu_order":0,"comment_status":"closed","ping_status":"closed","template":"page-templates\/template-fullwidth.php","meta":{"footnotes":""},"folder":[11],"class_list":["post-544","page","type-page","status-publish","hentry"],"_links":{"self":[{"href":"https:\/\/www.tfix.pl\/pl\/wp-json\/wp\/v2\/pages\/544","targetHints":{"allow":["GET"]}}],"collection":[{"href":"https:\/\/www.tfix.pl\/pl\/wp-json\/wp\/v2\/pages"}],"about":[{"href":"https:\/\/www.tfix.pl\/pl\/wp-json\/wp\/v2\/types\/page"}],"author":[{"embeddable":true,"href":"https:\/\/www.tfix.pl\/pl\/wp-json\/wp\/v2\/users\/1"}],"replies":[{"embeddable":true,"href":"https:\/\/www.tfix.pl\/pl\/wp-json\/wp\/v2\/comments?post=544"}],"version-history":[{"count":5,"href":"https:\/\/www.tfix.pl\/pl\/wp-json\/wp\/v2\/pages\/544\/revisions"}],"predecessor-version":[{"id":626,"href":"https:\/\/www.tfix.pl\/pl\/wp-json\/wp\/v2\/pages\/544\/revisions\/626"}],"wp:attachment":[{"href":"https:\/\/www.tfix.pl\/pl\/wp-json\/wp\/v2\/media?parent=544"}],"wp:term":[{"taxonomy":"folder","embeddable":true,"href":"https:\/\/www.tfix.pl\/pl\/wp-json\/wp\/v2\/folder?post=544"}],"curies":[{"name":"wp","href":"https:\/\/api.w.org\/{rel}","templated":true}]}}