{"id":549,"date":"2021-07-30T15:06:31","date_gmt":"2021-07-30T15:06:31","guid":{"rendered":"http:\/\/localhost\/wordpress\/?page_id=549"},"modified":"2021-07-31T13:09:59","modified_gmt":"2021-07-31T13:09:59","slug":"fms-tuleje-siatkowe-stalowe","status":"publish","type":"page","link":"https:\/\/www.tfix.pl\/pl\/fms-tuleje-siatkowe-stalowe\/","title":{"rendered":"FMS \u2013 Tuleje siatkowe stalowe"},"content":{"rendered":"\t\t<div data-elementor-type=\"wp-page\" data-elementor-id=\"549\" class=\"elementor elementor-549\">\n\t\t\t\t\t\t<section class=\"elementor-section elementor-top-section elementor-element elementor-element-23b8096 elementor-section-boxed elementor-section-height-default elementor-section-height-default\" data-id=\"23b8096\" data-element_type=\"section\">\n\t\t\t\t\t\t<div class=\"elementor-container elementor-column-gap-default\">\n\t\t\t\t\t<div class=\"elementor-column elementor-col-50 elementor-top-column elementor-element elementor-element-77da1c3\" data-id=\"77da1c3\" data-element_type=\"column\">\n\t\t\t<div class=\"elementor-widget-wrap elementor-element-populated\">\n\t\t\t\t\t\t<div class=\"elementor-element elementor-element-22cc628 elementor-widget elementor-widget-image\" data-id=\"22cc628\" data-element_type=\"widget\" data-widget_type=\"image.default\">\n\t\t\t\t<div class=\"elementor-widget-container\">\n\t\t\t\t\t\t\t\t\t\t\t\t\t\t\t<img decoding=\"async\" width=\"131\" height=\"266\" src=\"https:\/\/www.tfix.pl\/wp-content\/uploads\/2021\/07\/FMS.png\" class=\"attachment-large size-large wp-image-632\" alt=\"\" \/>\t\t\t\t\t\t\t\t\t\t\t\t\t\t\t<\/div>\n\t\t\t\t<\/div>\n\t\t\t\t\t<\/div>\n\t\t<\/div>\n\t\t\t\t<div class=\"elementor-column elementor-col-50 elementor-top-column elementor-element elementor-element-7c160c5\" data-id=\"7c160c5\" data-element_type=\"column\">\n\t\t\t<div class=\"elementor-widget-wrap elementor-element-populated\">\n\t\t\t\t\t\t<div class=\"elementor-element elementor-element-3ff0d43 elementor-widget elementor-widget-text-editor\" data-id=\"3ff0d43\" data-element_type=\"widget\" data-widget_type=\"text-editor.default\">\n\t\t\t\t<div class=\"elementor-widget-container\">\n\t\t\t\t\t\t\t\t\tStalowe tuleje siatkowe maj\u0105 takie same zastosowanie jak tuleje perforowane, s\u0105 u\u017cywane w przypadku\ng\u0142\u0119bokiego kotwienia (g\u0142\u0119bszego ni\u017c umo\u017cliwiaj\u0105 tuleje perforowane FPS) np. przy wzmacnianiu\nwielkiej p\u0142yty.\t\t\t\t\t\t\t\t<\/div>\n\t\t\t\t<\/div>\n\t\t\t\t<div class=\"elementor-element elementor-element-5b0bb8a elementor-widget elementor-widget-image\" data-id=\"5b0bb8a\" data-element_type=\"widget\" data-widget_type=\"image.default\">\n\t\t\t\t<div class=\"elementor-widget-container\">\n\t\t\t\t\t\t\t\t\t\t\t\t\t\t\t<img fetchpriority=\"high\" decoding=\"async\" width=\"750\" height=\"164\" src=\"https:\/\/www.tfix.pl\/wp-content\/uploads\/2021\/07\/FMS-t.png\" class=\"attachment-large size-large wp-image-633\" alt=\"\" \/>\t\t\t\t\t\t\t\t\t\t\t\t\t\t\t<\/div>\n\t\t\t\t<\/div>\n\t\t\t\t\t<\/div>\n\t\t<\/div>\n\t\t\t\t\t<\/div>\n\t\t<\/section>\n\t\t\t\t<\/div>\n\t\t","protected":false},"excerpt":{"rendered":"<p>Stalowe tuleje siatkowe maj\u0105 takie same zastosowanie jak tuleje perforowane, s\u0105 u\u017cywane w przypadku g\u0142\u0119bokiego kotwienia (g\u0142\u0119bszego ni\u017c umo\u017cliwiaj\u0105 tuleje perforowane FPS) np. przy wzmacnianiu wielkiej p\u0142yty.<\/p>\n","protected":false},"author":1,"featured_media":0,"parent":0,"menu_order":0,"comment_status":"closed","ping_status":"closed","template":"page-templates\/template-fullwidth.php","meta":{"footnotes":""},"folder":[11],"class_list":["post-549","page","type-page","status-publish","hentry"],"_links":{"self":[{"href":"https:\/\/www.tfix.pl\/pl\/wp-json\/wp\/v2\/pages\/549","targetHints":{"allow":["GET"]}}],"collection":[{"href":"https:\/\/www.tfix.pl\/pl\/wp-json\/wp\/v2\/pages"}],"about":[{"href":"https:\/\/www.tfix.pl\/pl\/wp-json\/wp\/v2\/types\/page"}],"author":[{"embeddable":true,"href":"https:\/\/www.tfix.pl\/pl\/wp-json\/wp\/v2\/users\/1"}],"replies":[{"embeddable":true,"href":"https:\/\/www.tfix.pl\/pl\/wp-json\/wp\/v2\/comments?post=549"}],"version-history":[{"count":4,"href":"https:\/\/www.tfix.pl\/pl\/wp-json\/wp\/v2\/pages\/549\/revisions"}],"predecessor-version":[{"id":636,"href":"https:\/\/www.tfix.pl\/pl\/wp-json\/wp\/v2\/pages\/549\/revisions\/636"}],"wp:attachment":[{"href":"https:\/\/www.tfix.pl\/pl\/wp-json\/wp\/v2\/media?parent=549"}],"wp:term":[{"taxonomy":"folder","embeddable":true,"href":"https:\/\/www.tfix.pl\/pl\/wp-json\/wp\/v2\/folder?post=549"}],"curies":[{"name":"wp","href":"https:\/\/api.w.org\/{rel}","templated":true}]}}