{"id":551,"date":"2021-07-30T15:06:40","date_gmt":"2021-07-30T15:06:40","guid":{"rendered":"http:\/\/localhost\/wordpress\/?page_id=551"},"modified":"2021-07-31T13:13:53","modified_gmt":"2021-07-31T13:13:53","slug":"fbp-pompka-do-wydmuchiwania-pylu-fcs","status":"publish","type":"page","link":"https:\/\/www.tfix.pl\/pl\/fbp-pompka-do-wydmuchiwania-pylu-fcs\/","title":{"rendered":"FBP \u2013 Pompka do wydmuchiwania py\u0142u \/ FCS \u2013 Szczotki do czyszczenia otwor\u00f3w"},"content":{"rendered":"\t\t<div data-elementor-type=\"wp-page\" data-elementor-id=\"551\" class=\"elementor elementor-551\">\n\t\t\t\t\t\t<section class=\"elementor-section elementor-top-section elementor-element elementor-element-b15d41b elementor-section-boxed elementor-section-height-default elementor-section-height-default\" data-id=\"b15d41b\" data-element_type=\"section\">\n\t\t\t\t\t\t<div class=\"elementor-container elementor-column-gap-default\">\n\t\t\t\t\t<div class=\"elementor-column elementor-col-50 elementor-top-column elementor-element elementor-element-c94e453\" data-id=\"c94e453\" data-element_type=\"column\">\n\t\t\t<div class=\"elementor-widget-wrap elementor-element-populated\">\n\t\t\t\t\t\t<div class=\"elementor-element elementor-element-a7b5d6f elementor-widget elementor-widget-image\" data-id=\"a7b5d6f\" data-element_type=\"widget\" data-widget_type=\"image.default\">\n\t\t\t\t<div class=\"elementor-widget-container\">\n\t\t\t\t\t\t\t\t\t\t\t\t\t\t\t<img fetchpriority=\"high\" decoding=\"async\" width=\"256\" height=\"303\" src=\"https:\/\/www.tfix.pl\/wp-content\/uploads\/2021\/07\/FBP.png\" class=\"attachment-large size-large wp-image-637\" alt=\"\" \/>\t\t\t\t\t\t\t\t\t\t\t\t\t\t\t<\/div>\n\t\t\t\t<\/div>\n\t\t\t\t\t<\/div>\n\t\t<\/div>\n\t\t\t\t<div class=\"elementor-column elementor-col-50 elementor-top-column elementor-element elementor-element-50a94a5\" data-id=\"50a94a5\" data-element_type=\"column\">\n\t\t\t<div class=\"elementor-widget-wrap elementor-element-populated\">\n\t\t\t\t\t\t<div class=\"elementor-element elementor-element-3587c88 elementor-widget elementor-widget-text-editor\" data-id=\"3587c88\" data-element_type=\"widget\" data-widget_type=\"text-editor.default\">\n\t\t\t\t<div class=\"elementor-widget-container\">\n\t\t\t\t\t\t\t\t\tSzczotki i pompka s\u0142u\u017c\u0105 do oczyszczenia otworu przed iniekcj\u0105 zaprawy \u017cywicznej. Do otwor\u00f3w\nw betonie i kamieniu stosujemy szczotki stalowe, a ceg\u0142y i Porothermu nylonowe. Zalecana procedura\nwygl\u0105da nast\u0119puj\u0105co: na przemian 3 x wydmuchujemy py\u0142 pompk\u0105, 2 x czy\u015bcimy otw\u00f3r szczotk\u0105\t\t\t\t\t\t\t\t<\/div>\n\t\t\t\t<\/div>\n\t\t\t\t<div class=\"elementor-element elementor-element-bf71557 elementor-widget elementor-widget-image\" data-id=\"bf71557\" data-element_type=\"widget\" data-widget_type=\"image.default\">\n\t\t\t\t<div class=\"elementor-widget-container\">\n\t\t\t\t\t\t\t\t\t\t\t\t\t\t\t<img decoding=\"async\" width=\"750\" height=\"194\" src=\"https:\/\/www.tfix.pl\/wp-content\/uploads\/2021\/07\/FBP-t.png\" class=\"attachment-large size-large wp-image-638\" alt=\"\" \/>\t\t\t\t\t\t\t\t\t\t\t\t\t\t\t<\/div>\n\t\t\t\t<\/div>\n\t\t\t\t\t<\/div>\n\t\t<\/div>\n\t\t\t\t\t<\/div>\n\t\t<\/section>\n\t\t\t\t<\/div>\n\t\t","protected":false},"excerpt":{"rendered":"<p>Szczotki i pompka s\u0142u\u017c\u0105 do oczyszczenia otworu przed iniekcj\u0105 zaprawy \u017cywicznej. Do otwor\u00f3w w betonie i kamieniu stosujemy szczotki stalowe, a ceg\u0142y i Porothermu nylonowe. Zalecana procedura wygl\u0105da nast\u0119puj\u0105co: na przemian 3 x wydmuchujemy py\u0142 pompk\u0105, 2 x czy\u015bcimy otw\u00f3r szczotk\u0105<\/p>\n","protected":false},"author":1,"featured_media":0,"parent":0,"menu_order":0,"comment_status":"closed","ping_status":"closed","template":"page-templates\/template-fullwidth.php","meta":{"footnotes":""},"folder":[11],"class_list":["post-551","page","type-page","status-publish","hentry"],"_links":{"self":[{"href":"https:\/\/www.tfix.pl\/pl\/wp-json\/wp\/v2\/pages\/551","targetHints":{"allow":["GET"]}}],"collection":[{"href":"https:\/\/www.tfix.pl\/pl\/wp-json\/wp\/v2\/pages"}],"about":[{"href":"https:\/\/www.tfix.pl\/pl\/wp-json\/wp\/v2\/types\/page"}],"author":[{"embeddable":true,"href":"https:\/\/www.tfix.pl\/pl\/wp-json\/wp\/v2\/users\/1"}],"replies":[{"embeddable":true,"href":"https:\/\/www.tfix.pl\/pl\/wp-json\/wp\/v2\/comments?post=551"}],"version-history":[{"count":4,"href":"https:\/\/www.tfix.pl\/pl\/wp-json\/wp\/v2\/pages\/551\/revisions"}],"predecessor-version":[{"id":641,"href":"https:\/\/www.tfix.pl\/pl\/wp-json\/wp\/v2\/pages\/551\/revisions\/641"}],"wp:attachment":[{"href":"https:\/\/www.tfix.pl\/pl\/wp-json\/wp\/v2\/media?parent=551"}],"wp:term":[{"taxonomy":"folder","embeddable":true,"href":"https:\/\/www.tfix.pl\/pl\/wp-json\/wp\/v2\/folder?post=551"}],"curies":[{"name":"wp","href":"https:\/\/api.w.org\/{rel}","templated":true}]}}