{"id":553,"date":"2021-07-30T15:07:02","date_gmt":"2021-07-30T15:07:02","guid":{"rendered":"http:\/\/localhost\/wordpress\/?page_id=553"},"modified":"2021-07-31T13:17:18","modified_gmt":"2021-07-31T13:17:18","slug":"fmt-dozowniki-do-iniekcji-zywicy","status":"publish","type":"page","link":"https:\/\/www.tfix.pl\/pl\/fmt-dozowniki-do-iniekcji-zywicy\/","title":{"rendered":"FMT \u2013 Dozowniki do iniekcji \u017cywicy"},"content":{"rendered":"\t\t<div data-elementor-type=\"wp-page\" data-elementor-id=\"553\" class=\"elementor elementor-553\">\n\t\t\t\t\t\t<section class=\"elementor-section elementor-top-section elementor-element elementor-element-86f5c30 elementor-section-boxed elementor-section-height-default elementor-section-height-default\" data-id=\"86f5c30\" data-element_type=\"section\">\n\t\t\t\t\t\t<div class=\"elementor-container elementor-column-gap-default\">\n\t\t\t\t\t<div class=\"elementor-column elementor-col-50 elementor-top-column elementor-element elementor-element-ae5b143\" data-id=\"ae5b143\" data-element_type=\"column\">\n\t\t\t<div class=\"elementor-widget-wrap elementor-element-populated\">\n\t\t\t\t\t\t<div class=\"elementor-element elementor-element-ab97a4f elementor-widget elementor-widget-image\" data-id=\"ab97a4f\" data-element_type=\"widget\" data-widget_type=\"image.default\">\n\t\t\t\t<div class=\"elementor-widget-container\">\n\t\t\t\t\t\t\t\t\t\t\t\t\t\t\t<img fetchpriority=\"high\" decoding=\"async\" width=\"340\" height=\"288\" src=\"https:\/\/www.tfix.pl\/wp-content\/uploads\/2021\/07\/FMT.png\" class=\"attachment-large size-large wp-image-643\" alt=\"\" \/>\t\t\t\t\t\t\t\t\t\t\t\t\t\t\t<\/div>\n\t\t\t\t<\/div>\n\t\t\t\t\t<\/div>\n\t\t<\/div>\n\t\t\t\t<div class=\"elementor-column elementor-col-50 elementor-top-column elementor-element elementor-element-2c26760\" data-id=\"2c26760\" data-element_type=\"column\">\n\t\t\t<div class=\"elementor-widget-wrap elementor-element-populated\">\n\t\t\t\t\t\t<div class=\"elementor-element elementor-element-bb813e7 elementor-widget elementor-widget-text-editor\" data-id=\"bb813e7\" data-element_type=\"widget\" data-widget_type=\"text-editor.default\">\n\t\t\t\t<div class=\"elementor-widget-container\">\n\t\t\t\t\t\t\t\t\tDozownik\u00f3w u\u017cywamy do precyzyjnego wyci\u015bni\u0119cia zaprawy \u017cywicznej z tuby i zaaplikowania jej do\notworu za pomoc\u0105 mieszacza. Dozownik dobieramy do pojemno\u015bci tuby z zapraw\u0105 np. dla zapraw\no pojemno\u015bci 300ml powinien by\u0107 to dozownik FMT300 lub FMT300AKU. W przypadku du\u017cej ilo\u015bci\notwor\u00f3w warto rozwa\u017cy\u0107 zakup dozownika akumulatorowego kt\u00f3ry u\u0142atwi i przy\u015bpieszy proces\nkotwienia.\t\t\t\t\t\t\t\t<\/div>\n\t\t\t\t<\/div>\n\t\t\t\t<div class=\"elementor-element elementor-element-5eb764f elementor-widget elementor-widget-image\" data-id=\"5eb764f\" data-element_type=\"widget\" data-widget_type=\"image.default\">\n\t\t\t\t<div class=\"elementor-widget-container\">\n\t\t\t\t\t\t\t\t\t\t\t\t\t\t\t<img decoding=\"async\" width=\"750\" height=\"173\" src=\"https:\/\/www.tfix.pl\/wp-content\/uploads\/2021\/07\/FMT-t.png\" class=\"attachment-large size-large wp-image-642\" alt=\"\" \/>\t\t\t\t\t\t\t\t\t\t\t\t\t\t\t<\/div>\n\t\t\t\t<\/div>\n\t\t\t\t\t<\/div>\n\t\t<\/div>\n\t\t\t\t\t<\/div>\n\t\t<\/section>\n\t\t\t\t<\/div>\n\t\t","protected":false},"excerpt":{"rendered":"<p>Dozownik\u00f3w u\u017cywamy do precyzyjnego wyci\u015bni\u0119cia zaprawy \u017cywicznej z tuby i zaaplikowania jej do otworu za pomoc\u0105 mieszacza. Dozownik dobieramy do pojemno\u015bci tuby z zapraw\u0105 np. dla zapraw o pojemno\u015bci 300ml powinien by\u0107 to dozownik FMT300 lub FMT300AKU. W przypadku du\u017cej ilo\u015bci otwor\u00f3w warto rozwa\u017cy\u0107 zakup dozownika akumulatorowego kt\u00f3ry u\u0142atwi i [&hellip;]<\/p>\n","protected":false},"author":1,"featured_media":0,"parent":0,"menu_order":0,"comment_status":"closed","ping_status":"closed","template":"page-templates\/template-fullwidth.php","meta":{"footnotes":""},"folder":[11],"class_list":["post-553","page","type-page","status-publish","hentry"],"_links":{"self":[{"href":"https:\/\/www.tfix.pl\/pl\/wp-json\/wp\/v2\/pages\/553","targetHints":{"allow":["GET"]}}],"collection":[{"href":"https:\/\/www.tfix.pl\/pl\/wp-json\/wp\/v2\/pages"}],"about":[{"href":"https:\/\/www.tfix.pl\/pl\/wp-json\/wp\/v2\/types\/page"}],"author":[{"embeddable":true,"href":"https:\/\/www.tfix.pl\/pl\/wp-json\/wp\/v2\/users\/1"}],"replies":[{"embeddable":true,"href":"https:\/\/www.tfix.pl\/pl\/wp-json\/wp\/v2\/comments?post=553"}],"version-history":[{"count":4,"href":"https:\/\/www.tfix.pl\/pl\/wp-json\/wp\/v2\/pages\/553\/revisions"}],"predecessor-version":[{"id":646,"href":"https:\/\/www.tfix.pl\/pl\/wp-json\/wp\/v2\/pages\/553\/revisions\/646"}],"wp:attachment":[{"href":"https:\/\/www.tfix.pl\/pl\/wp-json\/wp\/v2\/media?parent=553"}],"wp:term":[{"taxonomy":"folder","embeddable":true,"href":"https:\/\/www.tfix.pl\/pl\/wp-json\/wp\/v2\/folder?post=553"}],"curies":[{"name":"wp","href":"https:\/\/api.w.org\/{rel}","templated":true}]}}