{"id":792,"date":"2021-08-01T19:46:40","date_gmt":"2021-08-01T19:46:40","guid":{"rendered":"http:\/\/localhost\/wordpress\/?page_id=792"},"modified":"2021-08-02T10:08:30","modified_gmt":"2021-08-02T10:08:30","slug":"hfn-opaski-zaciskowe","status":"publish","type":"page","link":"https:\/\/www.tfix.pl\/pl\/hfn-opaski-zaciskowe\/","title":{"rendered":"HFN \u2013 opaski zaciskowe"},"content":{"rendered":"\t\t<div data-elementor-type=\"wp-page\" data-elementor-id=\"792\" class=\"elementor elementor-792\">\n\t\t\t\t\t\t<section class=\"elementor-section elementor-top-section elementor-element elementor-element-acd5cf5 elementor-section-boxed elementor-section-height-default elementor-section-height-default\" data-id=\"acd5cf5\" data-element_type=\"section\">\n\t\t\t\t\t\t<div class=\"elementor-container elementor-column-gap-default\">\n\t\t\t\t\t<div class=\"elementor-column elementor-col-50 elementor-top-column elementor-element elementor-element-994a83a\" data-id=\"994a83a\" data-element_type=\"column\">\n\t\t\t<div class=\"elementor-widget-wrap elementor-element-populated\">\n\t\t\t\t\t\t<div class=\"elementor-element elementor-element-23cd9e1 elementor-widget elementor-widget-image\" data-id=\"23cd9e1\" data-element_type=\"widget\" data-widget_type=\"image.default\">\n\t\t\t\t<div class=\"elementor-widget-container\">\n\t\t\t\t\t\t\t\t\t\t\t\t\t\t\t<img fetchpriority=\"high\" decoding=\"async\" width=\"404\" height=\"388\" src=\"https:\/\/www.tfix.pl\/wp-content\/uploads\/2021\/08\/HFN.png\" class=\"attachment-large size-large wp-image-813\" alt=\"\" \/>\t\t\t\t\t\t\t\t\t\t\t\t\t\t\t<\/div>\n\t\t\t\t<\/div>\n\t\t\t\t<div class=\"elementor-element elementor-element-d05f951 elementor-widget elementor-widget-text-editor\" data-id=\"d05f951\" data-element_type=\"widget\" data-widget_type=\"text-editor.default\">\n\t\t\t\t<div class=\"elementor-widget-container\">\n\t\t\t\t\t\t\t\t\t<b>Zalety:<\/b>\n<ul>\n<li>Wysoka wytrzyma\u0142o\u015b\u0107 mechaniczna opasek,<\/li>\n<li>Wygi\u0119ta zaokr\u0105glona ko\u0144c\u00f3wka w celu\n\u0142atwego jej przeci\u0105gania przez g\u0142\u00f3wk\u0119\nopaski,<\/li>\n<li>Zaokr\u0105glone kraw\u0119dzie dla unikni\u0119cia\nskalecze\u0144,<\/li>\n<li>Niski wsp\u00f3\u0142czynnik tarcia materia\u0142u, u\u0142atwia\nzaciskanie,<\/li>\n<\/ul>\t\t\t\t\t\t\t\t<\/div>\n\t\t\t\t<\/div>\n\t\t\t\t\t<\/div>\n\t\t<\/div>\n\t\t\t\t<div class=\"elementor-column elementor-col-50 elementor-top-column elementor-element elementor-element-580f64d\" data-id=\"580f64d\" data-element_type=\"column\">\n\t\t\t<div class=\"elementor-widget-wrap elementor-element-populated\">\n\t\t\t\t\t\t<div class=\"elementor-element elementor-element-6b4cd67 elementor-widget elementor-widget-text-editor\" data-id=\"6b4cd67\" data-element_type=\"widget\" data-widget_type=\"text-editor.default\">\n\t\t\t\t<div class=\"elementor-widget-container\">\n\t\t\t\t\t\t\t\t\tWysokiej jako\u015bci opaski zaciskowe wykonane z poliamidu (nylonu) 6.6. Nie p\u0119kaj\u0105 w trakcie instalacji\nnawet w ujemnych temperaturach. S\u0105 odporne na starzenie, dzia\u0142anie wysokich temperatur, oraz\nchemikali\u00f3w jak oleje i smary.<br>\n<b>W\u0142a\u015bciwo\u015bci:<\/b>\n<ul>\n<li>temperatura instalacji: od -10\u00b0C do + 60\u00b0C<\/li>\n<li>temperatura pracy: od -40\u00b0C do + 85\u00b0C<\/li>\n<li> materia\u0142: poliamid (nylon) klasy 6.6<\/li>\n<li>\t odporno\u015b\u0107 ogniowa: zgodnie z UL 94-V2<\/li>\n<li>\t odporno\u015b\u0107 na promienie UV: tylko wersja\nczarna<\/li>\n<li>nie zawieraj\u0105 halogenu<\/li>\n<\/ul>\n<b>Zastosowanie:<\/b>\n<ul>\n<li> instalacje elektryczne i elektrotechniczne<\/li>\n<li>okablowanie przemys\u0142owe.<\/li>\n<li> motoryzacja.<\/li>\n<\/ul>\n\t\t\t\t\t\t\t\t<\/div>\n\t\t\t\t<\/div>\n\t\t\t\t\t<\/div>\n\t\t<\/div>\n\t\t\t\t\t<\/div>\n\t\t<\/section>\n\t\t\t\t<section class=\"elementor-section elementor-top-section elementor-element elementor-element-2e271dd elementor-section-boxed elementor-section-height-default elementor-section-height-default\" data-id=\"2e271dd\" data-element_type=\"section\">\n\t\t\t\t\t\t<div class=\"elementor-container elementor-column-gap-default\">\n\t\t\t\t\t<div class=\"elementor-column elementor-col-100 elementor-top-column elementor-element elementor-element-81c48fe\" data-id=\"81c48fe\" data-element_type=\"column\">\n\t\t\t<div class=\"elementor-widget-wrap elementor-element-populated\">\n\t\t\t\t\t\t<div class=\"elementor-element elementor-element-406dbbd elementor-widget elementor-widget-image\" data-id=\"406dbbd\" data-element_type=\"widget\" data-widget_type=\"image.default\">\n\t\t\t\t<div class=\"elementor-widget-container\">\n\t\t\t\t\t\t\t\t\t\t\t\t\t\t\t<img decoding=\"async\" width=\"750\" height=\"415\" src=\"https:\/\/www.tfix.pl\/wp-content\/uploads\/2021\/08\/HFN-t.png\" class=\"attachment-large size-large wp-image-812\" alt=\"\" \/>\t\t\t\t\t\t\t\t\t\t\t\t\t\t\t<\/div>\n\t\t\t\t<\/div>\n\t\t\t\t\t<\/div>\n\t\t<\/div>\n\t\t\t\t\t<\/div>\n\t\t<\/section>\n\t\t\t\t<section class=\"elementor-section elementor-top-section elementor-element elementor-element-7f22538 elementor-section-boxed elementor-section-height-default elementor-section-height-default\" data-id=\"7f22538\" data-element_type=\"section\">\n\t\t\t\t\t\t<div class=\"elementor-container elementor-column-gap-default\">\n\t\t\t\t\t<div class=\"elementor-column elementor-col-100 elementor-top-column elementor-element elementor-element-2368afa\" data-id=\"2368afa\" data-element_type=\"column\">\n\t\t\t<div class=\"elementor-widget-wrap\">\n\t\t\t\t\t\t\t<\/div>\n\t\t<\/div>\n\t\t\t\t\t<\/div>\n\t\t<\/section>\n\t\t\t\t<\/div>\n\t\t","protected":false},"excerpt":{"rendered":"<p>Zalety: Wysoka wytrzyma\u0142o\u015b\u0107 mechaniczna opasek, Wygi\u0119ta zaokr\u0105glona ko\u0144c\u00f3wka w celu \u0142atwego jej przeci\u0105gania przez g\u0142\u00f3wk\u0119 opaski, Zaokr\u0105glone kraw\u0119dzie dla unikni\u0119cia skalecze\u0144, Niski wsp\u00f3\u0142czynnik tarcia materia\u0142u, u\u0142atwia zaciskanie, Wysokiej jako\u015bci opaski zaciskowe wykonane z poliamidu (nylonu) 6.6. Nie p\u0119kaj\u0105 w trakcie instalacji nawet w ujemnych temperaturach. S\u0105 odporne na starzenie, dzia\u0142anie [&hellip;]<\/p>\n","protected":false},"author":1,"featured_media":0,"parent":0,"menu_order":0,"comment_status":"closed","ping_status":"closed","template":"page-templates\/template-fullwidth.php","meta":{"footnotes":""},"folder":[15],"class_list":["post-792","page","type-page","status-publish","hentry"],"_links":{"self":[{"href":"https:\/\/www.tfix.pl\/pl\/wp-json\/wp\/v2\/pages\/792","targetHints":{"allow":["GET"]}}],"collection":[{"href":"https:\/\/www.tfix.pl\/pl\/wp-json\/wp\/v2\/pages"}],"about":[{"href":"https:\/\/www.tfix.pl\/pl\/wp-json\/wp\/v2\/types\/page"}],"author":[{"embeddable":true,"href":"https:\/\/www.tfix.pl\/pl\/wp-json\/wp\/v2\/users\/1"}],"replies":[{"embeddable":true,"href":"https:\/\/www.tfix.pl\/pl\/wp-json\/wp\/v2\/comments?post=792"}],"version-history":[{"count":4,"href":"https:\/\/www.tfix.pl\/pl\/wp-json\/wp\/v2\/pages\/792\/revisions"}],"predecessor-version":[{"id":817,"href":"https:\/\/www.tfix.pl\/pl\/wp-json\/wp\/v2\/pages\/792\/revisions\/817"}],"wp:attachment":[{"href":"https:\/\/www.tfix.pl\/pl\/wp-json\/wp\/v2\/media?parent=792"}],"wp:term":[{"taxonomy":"folder","embeddable":true,"href":"https:\/\/www.tfix.pl\/pl\/wp-json\/wp\/v2\/folder?post=792"}],"curies":[{"name":"wp","href":"https:\/\/api.w.org\/{rel}","templated":true}]}}